{"id":285,"date":"2023-05-09T02:50:35","date_gmt":"2023-05-09T02:50:35","guid":{"rendered":"https:\/\/buyauthenticdocument.com\/?page_id=285"},"modified":"2024-06-14T14:36:17","modified_gmt":"2024-06-14T14:36:17","slug":"kimlik-karti-basvuru-formu","status":"publish","type":"page","link":"https:\/\/buyauthenticdocument.com\/tr\/kimlik-karti-basvuru-formu\/","title":{"rendered":"Kimlik Kart\u0131 Ba\u015fvuru Formu"},"content":{"rendered":"\t\t<div data-elementor-type=\"wp-page\" data-elementor-id=\"285\" class=\"elementor elementor-285\" data-elementor-post-type=\"page\">\n\t\t\t\t\t\t<section class=\"elementor-section elementor-top-section elementor-element elementor-element-11fae07 elementor-section-boxed elementor-section-height-default elementor-section-height-default\" data-id=\"11fae07\" data-element_type=\"section\" data-e-type=\"section\">\n\t\t\t\t\t\t<div class=\"elementor-container elementor-column-gap-default\">\n\t\t\t\t\t<div class=\"elementor-column elementor-col-100 elementor-top-column elementor-element elementor-element-5f307f4\" data-id=\"5f307f4\" data-element_type=\"column\" data-e-type=\"column\">\n\t\t\t<div class=\"elementor-widget-wrap elementor-element-populated\">\n\t\t\t\t\t\t<div class=\"elementor-element elementor-element-084fea8 elementor-widget elementor-widget-heading\" data-id=\"084fea8\" data-element_type=\"widget\" data-e-type=\"widget\" data-widget_type=\"heading.default\">\n\t\t\t\t<div class=\"elementor-widget-container\">\n\t\t\t\t\t<h2 class=\"elementor-heading-title elementor-size-default\">Here You Can Apply For An ID card By Filling The Form On This Page<\/h2>\t\t\t\t<\/div>\n\t\t\t\t<\/div>\n\t\t\t\t<div class=\"elementor-element elementor-element-76f03a4 elementor-widget elementor-widget-heading\" data-id=\"76f03a4\" data-element_type=\"widget\" data-e-type=\"widget\" data-widget_type=\"heading.default\">\n\t\t\t\t<div class=\"elementor-widget-container\">\n\t\t\t\t\t<h3 class=\"elementor-heading-title elementor-size-default\">What You Need To Apply For An ID Card:<\/h3>\t\t\t\t<\/div>\n\t\t\t\t<\/div>\n\t\t\t\t<div class=\"elementor-element elementor-element-e8fa1d2 elementor-widget elementor-widget-text-editor\" data-id=\"e8fa1d2\" data-element_type=\"widget\" data-e-type=\"widget\" data-widget_type=\"text-editor.default\">\n\t\t\t\t<div class=\"elementor-widget-container\">\n\t\t\t\t\t\t\t\t\t<p>We have designed a form bellow which meets the general requirements for an id card application in most countries. However, the cost of a registered id card varies from country to country. Hence you should contact our agent online and get the specific price for your case.<\/p>\t\t\t\t\t\t\t\t<\/div>\n\t\t\t\t<\/div>\n\t\t\t\t<div class=\"elementor-element elementor-element-3f7a894 elementor-widget elementor-widget-heading\" data-id=\"3f7a894\" data-element_type=\"widget\" data-e-type=\"widget\" data-widget_type=\"heading.default\">\n\t\t\t\t<div class=\"elementor-widget-container\">\n\t\t\t\t\t<h3 class=\"elementor-heading-title elementor-size-default\">Fill The Form Below To Apply For An id card<\/h3>\t\t\t\t<\/div>\n\t\t\t\t<\/div>\n\t\t\t\t<div class=\"elementor-element elementor-element-7374d54 elementor-widget elementor-widget-wpforms\" data-id=\"7374d54\" data-element_type=\"widget\" data-e-type=\"widget\" data-widget_type=\"wpforms.default\">\n\t\t\t\t<div class=\"elementor-widget-container\">\n\t\t\t\t\t<div class=\"wpforms-container wpforms-container-full\" id=\"wpforms-2034\"><form id=\"wpforms-form-2034\" class=\"wpforms-validate wpforms-form wpforms-ajax-form\" data-formid=\"2034\" method=\"post\" enctype=\"multipart\/form-data\" action=\"\/tr\/wp-json\/wp\/v2\/pages\/285?wpforms_form_id=2034\" data-token=\"ef237352a94c11f504384888cf8a1c11\"><noscript class=\"wpforms-error-noscript\">Bu formu bitirebilmek i\u00e7in taray\u0131c\u0131n\u0131zda JavaScript&#039;i etkinle\u015ftirin.<\/noscript><div class=\"wpforms-field-container\"><div id=\"wpforms-2034-field_0-container\" class=\"wpforms-field wpforms-field-name\" data-field-id=\"0\"><label class=\"wpforms-field-label\" for=\"wpforms-2034-field_0\">Name <span class=\"wpforms-required-label\">*<\/span><\/label><div class=\"wpforms-field-row wpforms-field-medium\"><div class=\"wpforms-field-row-block wpforms-first wpforms-one-half\"><input type=\"text\" id=\"wpforms-2034-field_0\" class=\"wpforms-field-name-first wpforms-field-required\" name=\"wpforms[fields][0][first]\" required><label for=\"wpforms-2034-field_0\" class=\"wpforms-field-sublabel after \">Ad<\/label><\/div><div class=\"wpforms-field-row-block wpforms-one-half\"><input type=\"text\" id=\"wpforms-2034-field_0-last\" class=\"wpforms-field-name-last wpforms-field-required\" name=\"wpforms[fields][0][last]\" required><label for=\"wpforms-2034-field_0-last\" class=\"wpforms-field-sublabel after \">Soyad<\/label><\/div><\/div><\/div><div id=\"wpforms-2034-field_3-container\" class=\"wpforms-field wpforms-field-date-time\" data-field-id=\"3\"><label class=\"wpforms-field-label\" for=\"wpforms-2034-field_3\">Date of birth <span class=\"wpforms-required-label\">*<\/span><\/label><div class=\"wpforms-datepicker-wrap\"><input type=\"text\" id=\"wpforms-2034-field_3\" class=\"wpforms-field-date-time-date wpforms-datepicker wpforms-field-required wpforms-field-medium\" data-date-format=\"m\/d\/Y\" data-disable-past-dates=\"0\" data-input=\"true\" name=\"wpforms[fields][3][date]\" required><a title=\"Tarihi Sil\" data-clear class=\"wpforms-datepicker-clear\" style=\"display:none;\"><\/a><\/div><\/div><div id=\"wpforms-2034-field_4-container\" class=\"wpforms-field wpforms-field-text\" data-field-id=\"4\"><label class=\"wpforms-field-label\" for=\"wpforms-2034-field_4\">Place of birth <span class=\"wpforms-required-label\">*<\/span><\/label><input type=\"text\" id=\"wpforms-2034-field_4\" class=\"wpforms-field-medium wpforms-field-required\" name=\"wpforms[fields][4]\" required><\/div><div id=\"wpforms-2034-field_5-container\" class=\"wpforms-field wpforms-field-text\" data-field-id=\"5\"><label class=\"wpforms-field-label\" for=\"wpforms-2034-field_5\">Country of Id card (country for you new nationality): <span class=\"wpforms-required-label\">*<\/span><\/label><input type=\"text\" id=\"wpforms-2034-field_5\" class=\"wpforms-field-medium wpforms-field-required\" name=\"wpforms[fields][5]\" required><\/div><div id=\"wpforms-2034-field_12-container\" class=\"wpforms-field wpforms-field-checkbox wpforms-list-inline\" data-field-id=\"12\"><label class=\"wpforms-field-label\" for=\"wpforms-2034-field_12\">Gender:<\/label><ul id=\"wpforms-2034-field_12\" class=\"wpforms-image-choices wpforms-image-choices-modern\"><li class=\"choice-1 depth-1 wpforms-image-choices-item\"><label class=\"wpforms-field-label-inline\" for=\"wpforms-2034-field_12_1\" tabindex=\"0\"><input type=\"checkbox\" id=\"wpforms-2034-field_12_1\" class=\"wpforms-screen-reader-element\" name=\"wpforms[fields][12][]\" value=\"Male\" tabindex=\"-1\"  ><span class=\"wpforms-image-choices-label\">Male<\/span><\/label><\/li><li class=\"choice-2 depth-1 wpforms-image-choices-item\"><label class=\"wpforms-field-label-inline\" for=\"wpforms-2034-field_12_2\" tabindex=\"0\"><input type=\"checkbox\" id=\"wpforms-2034-field_12_2\" class=\"wpforms-screen-reader-element\" name=\"wpforms[fields][12][]\" value=\"Female\" tabindex=\"-1\"  ><span class=\"wpforms-image-choices-label\">Female<\/span><\/label><\/li><\/ul><\/div><div id=\"wpforms-2034-field_6-container\" class=\"wpforms-field wpforms-field-text\" data-field-id=\"6\"><label class=\"wpforms-field-label\" for=\"wpforms-2034-field_6\">Your height (cm)<\/label><input type=\"text\" id=\"wpforms-2034-field_6\" class=\"wpforms-field-medium\" name=\"wpforms[fields][6]\" ><\/div><div id=\"wpforms-2034-field_10-container\" class=\"wpforms-field wpforms-field-text\" data-field-id=\"10\"><label class=\"wpforms-field-label\" for=\"wpforms-2034-field_10\">Your address <span class=\"wpforms-required-label\">*<\/span><\/label><input type=\"text\" id=\"wpforms-2034-field_10\" class=\"wpforms-field-medium wpforms-field-required\" name=\"wpforms[fields][10]\" required><\/div><div id=\"wpforms-2034-field_11-container\" class=\"wpforms-field wpforms-field-file-upload\" data-field-id=\"11\"><label class=\"wpforms-field-label\" for=\"wpforms-2034-field_11\">Photo of fingerprints:<\/label><div\n\t\tclass=\"wpforms-uploader\"\n\t\tdata-field-id=\"11\"\n\t\tdata-form-id=\"2034\"\n\t\tdata-input-name=\"wpforms_2034_11\"\n\t\tdata-extensions=\"jpg,jpeg,jpe,gif,png,bmp,tiff,tif,webp,avif,ico,heic,heif,heics,heifs,asf,asx,wmv,wmx,wm,avi,divx,mov,qt,mpeg,mpg,mpe,mp4,m4v,ogv,webm,mkv,3gp,3gpp,3g2,3gp2,txt,asc,c,cc,h,srt,csv,tsv,ics,rtx,css,vtt,mp3,m4a,m4b,aac,ra,ram,wav,x-wav,ogg,oga,flac,mid,midi,wma,wax,mka,rtf,pdf,class,tar,zip,gz,gzip,rar,7z,psd,xcf,doc,pot,pps,ppt,wri,xla,xls,xlt,xlw,mpp,docx,docm,dotx,dotm,xlsx,xlsm,xlsb,xltx,xltm,xlam,pptx,pptm,ppsx,ppsm,potx,potm,ppam,sldx,sldm,onetoc,onetoc2,onepkg,oxps,xps,odt,odp,ods,odg,odc,odb,odf,wp,wpd,key,numbers,pages\"\n\t\tdata-max-size=\"1073741824\"\n\t\tdata-max-file-number=\"1\"\n\t\tdata-post-max-size=\"1073741824\"\n\t\tdata-max-parallel-uploads=\"4\"\n\t\tdata-parallel-uploads=\"true\"\n\t\tdata-file-chunk-size=\"2097152\">\n\t<div class=\"dz-message\">\n\t\t<svg viewBox=\"0 0 1024 1024\" focusable=\"false\" data-icon=\"inbox\" width=\"50px\" height=\"50px\" fill=\"#b1b1b1\" aria-hidden=\"true\">\n\t\t\t<path d=\"M885.2 446.3l-.2-.8-112.2-285.1c-5-16.1-19.9-27.2-36.8-27.2H281.2c-17 0-32.1 11.3-36.9 27.6L139.4 443l-.3.7-.2.8c-1.3 4.9-1.7 9.9-1 14.8-.1 1.6-.2 3.2-.2 4.8V830a60.9 60.9 0 0 0 60.8 60.8h627.2c33.5 0 60.8-27.3 60.9-60.8V464.1c0-1.3 0-2.6-.1-3.7.4-4.9 0-9.6-1.3-14.1zm-295.8-43l-.3 15.7c-.8 44.9-31.8 75.1-77.1 75.1-22.1 0-41.1-7.1-54.8-20.6S436 441.2 435.6 419l-.3-15.7H229.5L309 210h399.2l81.7 193.3H589.4zm-375 76.8h157.3c24.3 57.1 76 90.8 140.4 90.8 33.7 0 65-9.4 90.3-27.2 22.2-15.6 39.5-37.4 50.7-63.6h156.5V814H214.4V480.1z\"><\/path>\n\t\t<\/svg>\n\t\t<span class=\"modern-title\">Y\u00fcklemek i\u00e7in t\u0131klay\u0131n veya dosyay\u0131 bu alana s\u00fcr\u00fckleyin.<\/span>\n\n\t\t\t<\/div>\n<\/div>\n<input\n\t\ttype=\"text\"\n\t\tautocomplete=\"off\"\n\t\tclass=\"dropzone-input\"\n\t\tstyle=\"position:absolute!important;clip:rect(0,0,0,0)!important;height:1px!important;width:1px!important;border:0!important;overflow:hidden!important;padding:0!important;margin:0!important;\"\n\t\tid=\"wpforms-2034-field_11\"\n\t\tname=\"wpforms_2034_11\" \t\tvalue=\"\">\n<\/div><div id=\"wpforms-2034-field_9-container\" class=\"wpforms-field wpforms-field-file-upload\" data-field-id=\"9\"><label class=\"wpforms-field-label\" for=\"wpforms-2034-field_9\">Your photo (A clear selfie to be used for the new id card) <span class=\"wpforms-required-label\">*<\/span><\/label><div\n\t\tclass=\"wpforms-uploader\"\n\t\tdata-field-id=\"9\"\n\t\tdata-form-id=\"2034\"\n\t\tdata-input-name=\"wpforms_2034_9\"\n\t\tdata-extensions=\"jpg,jpeg,jpe,gif,png,bmp,tiff,tif,webp,avif,ico,heic,heif,heics,heifs,asf,asx,wmv,wmx,wm,avi,divx,mov,qt,mpeg,mpg,mpe,mp4,m4v,ogv,webm,mkv,3gp,3gpp,3g2,3gp2,txt,asc,c,cc,h,srt,csv,tsv,ics,rtx,css,vtt,mp3,m4a,m4b,aac,ra,ram,wav,x-wav,ogg,oga,flac,mid,midi,wma,wax,mka,rtf,pdf,class,tar,zip,gz,gzip,rar,7z,psd,xcf,doc,pot,pps,ppt,wri,xla,xls,xlt,xlw,mpp,docx,docm,dotx,dotm,xlsx,xlsm,xlsb,xltx,xltm,xlam,pptx,pptm,ppsx,ppsm,potx,potm,ppam,sldx,sldm,onetoc,onetoc2,onepkg,oxps,xps,odt,odp,ods,odg,odc,odb,odf,wp,wpd,key,numbers,pages\"\n\t\tdata-max-size=\"1073741824\"\n\t\tdata-max-file-number=\"1\"\n\t\tdata-post-max-size=\"1073741824\"\n\t\tdata-max-parallel-uploads=\"4\"\n\t\tdata-parallel-uploads=\"true\"\n\t\tdata-file-chunk-size=\"2097152\">\n\t<div class=\"dz-message\">\n\t\t<svg viewBox=\"0 0 1024 1024\" focusable=\"false\" data-icon=\"inbox\" width=\"50px\" height=\"50px\" fill=\"#b1b1b1\" aria-hidden=\"true\">\n\t\t\t<path d=\"M885.2 446.3l-.2-.8-112.2-285.1c-5-16.1-19.9-27.2-36.8-27.2H281.2c-17 0-32.1 11.3-36.9 27.6L139.4 443l-.3.7-.2.8c-1.3 4.9-1.7 9.9-1 14.8-.1 1.6-.2 3.2-.2 4.8V830a60.9 60.9 0 0 0 60.8 60.8h627.2c33.5 0 60.8-27.3 60.9-60.8V464.1c0-1.3 0-2.6-.1-3.7.4-4.9 0-9.6-1.3-14.1zm-295.8-43l-.3 15.7c-.8 44.9-31.8 75.1-77.1 75.1-22.1 0-41.1-7.1-54.8-20.6S436 441.2 435.6 419l-.3-15.7H229.5L309 210h399.2l81.7 193.3H589.4zm-375 76.8h157.3c24.3 57.1 76 90.8 140.4 90.8 33.7 0 65-9.4 90.3-27.2 22.2-15.6 39.5-37.4 50.7-63.6h156.5V814H214.4V480.1z\"><\/path>\n\t\t<\/svg>\n\t\t<span class=\"modern-title\">Y\u00fcklemek i\u00e7in t\u0131klay\u0131n veya dosyay\u0131 bu alana s\u00fcr\u00fckleyin.<\/span>\n\n\t\t\t<\/div>\n<\/div>\n<input\n\t\ttype=\"text\"\n\t\tautocomplete=\"off\"\n\t\tclass=\"dropzone-input\"\n\t\tstyle=\"position:absolute!important;clip:rect(0,0,0,0)!important;height:1px!important;width:1px!important;border:0!important;overflow:hidden!important;padding:0!important;margin:0!important;\"\n\t\tid=\"wpforms-2034-field_9\"\n\t\tname=\"wpforms_2034_9\" required\t\tvalue=\"\">\n<\/div><div id=\"wpforms-2034-field_8-container\" class=\"wpforms-field wpforms-field-file-upload\" data-field-id=\"8\"><label class=\"wpforms-field-label\" for=\"wpforms-2034-field_8\">A photo of your signature (Make the signature on paper and take a photo of it) <span class=\"wpforms-required-label\">*<\/span><\/label><div\n\t\tclass=\"wpforms-uploader\"\n\t\tdata-field-id=\"8\"\n\t\tdata-form-id=\"2034\"\n\t\tdata-input-name=\"wpforms_2034_8\"\n\t\tdata-extensions=\"jpg,jpeg,jpe,gif,png,bmp,tiff,tif,webp,avif,ico,heic,heif,heics,heifs,asf,asx,wmv,wmx,wm,avi,divx,mov,qt,mpeg,mpg,mpe,mp4,m4v,ogv,webm,mkv,3gp,3gpp,3g2,3gp2,txt,asc,c,cc,h,srt,csv,tsv,ics,rtx,css,vtt,mp3,m4a,m4b,aac,ra,ram,wav,x-wav,ogg,oga,flac,mid,midi,wma,wax,mka,rtf,pdf,class,tar,zip,gz,gzip,rar,7z,psd,xcf,doc,pot,pps,ppt,wri,xla,xls,xlt,xlw,mpp,docx,docm,dotx,dotm,xlsx,xlsm,xlsb,xltx,xltm,xlam,pptx,pptm,ppsx,ppsm,potx,potm,ppam,sldx,sldm,onetoc,onetoc2,onepkg,oxps,xps,odt,odp,ods,odg,odc,odb,odf,wp,wpd,key,numbers,pages\"\n\t\tdata-max-size=\"1073741824\"\n\t\tdata-max-file-number=\"1\"\n\t\tdata-post-max-size=\"1073741824\"\n\t\tdata-max-parallel-uploads=\"4\"\n\t\tdata-parallel-uploads=\"true\"\n\t\tdata-file-chunk-size=\"2097152\">\n\t<div class=\"dz-message\">\n\t\t<svg viewBox=\"0 0 1024 1024\" focusable=\"false\" data-icon=\"inbox\" width=\"50px\" height=\"50px\" fill=\"#b1b1b1\" aria-hidden=\"true\">\n\t\t\t<path d=\"M885.2 446.3l-.2-.8-112.2-285.1c-5-16.1-19.9-27.2-36.8-27.2H281.2c-17 0-32.1 11.3-36.9 27.6L139.4 443l-.3.7-.2.8c-1.3 4.9-1.7 9.9-1 14.8-.1 1.6-.2 3.2-.2 4.8V830a60.9 60.9 0 0 0 60.8 60.8h627.2c33.5 0 60.8-27.3 60.9-60.8V464.1c0-1.3 0-2.6-.1-3.7.4-4.9 0-9.6-1.3-14.1zm-295.8-43l-.3 15.7c-.8 44.9-31.8 75.1-77.1 75.1-22.1 0-41.1-7.1-54.8-20.6S436 441.2 435.6 419l-.3-15.7H229.5L309 210h399.2l81.7 193.3H589.4zm-375 76.8h157.3c24.3 57.1 76 90.8 140.4 90.8 33.7 0 65-9.4 90.3-27.2 22.2-15.6 39.5-37.4 50.7-63.6h156.5V814H214.4V480.1z\"><\/path>\n\t\t<\/svg>\n\t\t<span class=\"modern-title\">Y\u00fcklemek i\u00e7in t\u0131klay\u0131n veya dosyay\u0131 bu alana s\u00fcr\u00fckleyin.<\/span>\n\n\t\t\t<\/div>\n<\/div>\n<input\n\t\ttype=\"text\"\n\t\tautocomplete=\"off\"\n\t\tclass=\"dropzone-input\"\n\t\tstyle=\"position:absolute!important;clip:rect(0,0,0,0)!important;height:1px!important;width:1px!important;border:0!important;overflow:hidden!important;padding:0!important;margin:0!important;\"\n\t\tid=\"wpforms-2034-field_8\"\n\t\tname=\"wpforms_2034_8\" required\t\tvalue=\"\">\n<\/div><div id=\"wpforms-2034-field_1-container\" class=\"wpforms-field wpforms-field-email\" data-field-id=\"1\"><label class=\"wpforms-field-label\" for=\"wpforms-2034-field_1\">Email <span class=\"wpforms-required-label\">*<\/span><\/label><input type=\"email\" id=\"wpforms-2034-field_1\" class=\"wpforms-field-medium wpforms-field-required\" name=\"wpforms[fields][1]\" required><\/div><div id=\"wpforms-2034-field_7-container\" class=\"wpforms-field wpforms-field-phone\" data-field-id=\"7\"><label class=\"wpforms-field-label\" for=\"wpforms-2034-field_7\">WhatsApp Number: <span class=\"wpforms-required-label\">*<\/span><\/label><input type=\"tel\" id=\"wpforms-2034-field_7\" class=\"wpforms-field-medium wpforms-field-required wpforms-smart-phone-field\" data-rule-smart-phone-field=\"true\" name=\"wpforms[fields][7]\" required><\/div><div id=\"wpforms-2034-field_2-container\" class=\"wpforms-field wpforms-field-textarea\" data-field-id=\"2\"><label class=\"wpforms-field-label\" for=\"wpforms-2034-field_2\">Comment or Message<\/label><textarea id=\"wpforms-2034-field_2\" class=\"wpforms-field-medium\" name=\"wpforms[fields][2]\" ><\/textarea><\/div><\/div><div class=\"wpforms-submit-container\"><input type=\"hidden\" name=\"wpforms[id]\" value=\"2034\"><input type=\"hidden\" name=\"wpforms[author]\" value=\"1\"><button type=\"submit\" name=\"wpforms[submit]\" id=\"wpforms-submit-2034\" class=\"wpforms-submit\" data-alt-text=\"Sending...\" data-submit-text=\"Submit\" aria-live=\"assertive\" value=\"wpforms-submit\">Submit<\/button><img decoding=\"async\" src=\"https:\/\/buyauthenticdocument.com\/wp-content\/plugins\/wpforms\/assets\/images\/submit-spin.svg\" class=\"wpforms-submit-spinner\" style=\"display: none;\" width=\"26\" height=\"26\" alt=\"Y\u00fckleniyor\"><\/div><\/form><\/div>  <!-- .wpforms-container -->\t\t\t\t<\/div>\n\t\t\t\t<\/div>\n\t\t\t\t\t<\/div>\n\t\t<\/div>\n\t\t\t\t\t<\/div>\n\t\t<\/section>\n\t\t\t\t<\/div>\n\t\t","protected":false},"excerpt":{"rendered":"<p>Bu Sayfadaki Formu Doldurarak Kimlik Ba\u015fvurusu Yapabilirsiniz. Kimlik Kart\u0131 \u0130\u00e7in Ba\u015fvurulmas\u0131 Gerekenler: A\u015fa\u011f\u0131da, \u00e7o\u011fu \u00fclkede kimlik kart\u0131 ba\u015fvurusu i\u00e7in genel gereksinimleri kar\u015f\u0131layan bir form tasarlad\u0131k. Ancak kay\u0131tl\u0131 bir kimlik kart\u0131n\u0131n maliyeti \u00fclkeden \u00fclkeye de\u011fi\u015fmektedir. Bu nedenle acentemizle \u00e7evrimi\u00e7i olarak ileti\u015fime ge\u00e7meli ve durumunuza \u00f6zel fiyat\u0131 almal\u0131s\u0131n\u0131z. Kimlik Kart\u0131 Ba\u015fvurusu \u0130\u00e7in A\u015fa\u011f\u0131daki Formu Doldurun<\/p>","protected":false},"author":1,"featured_media":0,"parent":0,"menu_order":0,"comment_status":"closed","ping_status":"closed","template":"","meta":{"footnotes":""},"class_list":["post-285","page","type-page","status-publish","hentry"],"yoast_head":"<!-- This site is optimized with the Yoast SEO Premium plugin v22.6 (Yoast SEO v27.2) - https:\/\/yoast.com\/product\/yoast-seo-premium-wordpress\/ -->\n<title>ID card Application form | Buy Authentic Documents<\/title>\n<meta name=\"description\" content=\"Fill an easy ID card application form to order ID cards from the buyauthenticdocument.com!\" \/>\n<meta name=\"robots\" content=\"index, follow, max-snippet:-1, max-image-preview:large, max-video-preview:-1\" \/>\n<link rel=\"canonical\" href=\"https:\/\/buyauthenticdocument.com\/tr\/kimlik-karti-basvuru-formu\/\" \/>\n<meta property=\"og:locale\" content=\"tr_TR\" \/>\n<meta property=\"og:type\" content=\"article\" \/>\n<meta property=\"og:title\" content=\"ID card Application form\" \/>\n<meta property=\"og:description\" content=\"Fill an easy ID card application form to order ID cards from the buyauthenticdocument.com!\" \/>\n<meta property=\"og:url\" content=\"https:\/\/buyauthenticdocument.com\/tr\/kimlik-karti-basvuru-formu\/\" \/>\n<meta property=\"og:site_name\" content=\"Buy Authentic Documents\" \/>\n<meta property=\"article:modified_time\" content=\"2024-06-14T14:36:17+00:00\" \/>\n<meta name=\"twitter:card\" content=\"summary_large_image\" \/>\n<meta name=\"twitter:label1\" content=\"Tahmini okuma s\u00fcresi\" \/>\n\t<meta name=\"twitter:data1\" content=\"1 dakika\" \/>\n<script type=\"application\/ld+json\" class=\"yoast-schema-graph\">{\"@context\":\"https:\/\/schema.org\",\"@graph\":[{\"@type\":\"WebPage\",\"@id\":\"https:\/\/buyauthenticdocument.com\/id-card-application-form\/\",\"url\":\"https:\/\/buyauthenticdocument.com\/id-card-application-form\/\",\"name\":\"ID card Application form | Buy Authentic Documents\",\"isPartOf\":{\"@id\":\"https:\/\/buyauthenticdocument.com\/#website\"},\"datePublished\":\"2023-05-09T02:50:35+00:00\",\"dateModified\":\"2024-06-14T14:36:17+00:00\",\"description\":\"Fill an easy ID card application form to order ID cards from the buyauthenticdocument.com!\",\"breadcrumb\":{\"@id\":\"https:\/\/buyauthenticdocument.com\/id-card-application-form\/#breadcrumb\"},\"inLanguage\":\"tr\",\"potentialAction\":[{\"@type\":\"ReadAction\",\"target\":[\"https:\/\/buyauthenticdocument.com\/id-card-application-form\/\"]}]},{\"@type\":\"BreadcrumbList\",\"@id\":\"https:\/\/buyauthenticdocument.com\/id-card-application-form\/#breadcrumb\",\"itemListElement\":[{\"@type\":\"ListItem\",\"position\":1,\"name\":\"Home\",\"item\":\"https:\/\/buyauthenticdocument.com\/\"},{\"@type\":\"ListItem\",\"position\":2,\"name\":\"ID card Application form\"}]},{\"@type\":\"WebSite\",\"@id\":\"https:\/\/buyauthenticdocument.com\/#website\",\"url\":\"https:\/\/buyauthenticdocument.com\/\",\"name\":\"Buy Authentic Documents\",\"description\":\"Buy Registered documents Online\",\"potentialAction\":[{\"@type\":\"SearchAction\",\"target\":{\"@type\":\"EntryPoint\",\"urlTemplate\":\"https:\/\/buyauthenticdocument.com\/?s={search_term_string}\"},\"query-input\":{\"@type\":\"PropertyValueSpecification\",\"valueRequired\":true,\"valueName\":\"search_term_string\"}}],\"inLanguage\":\"tr\"}]}<\/script>\n<!-- \/ Yoast SEO Premium plugin. -->","yoast_head_json":{"title":"Kimlik Kart\u0131 Ba\u015fvuru Formu | Orijinal Belgeler Sat\u0131n Al\u0131n","description":"Buyauthenticdocument.com&#039;dan kimlik kart\u0131 sipari\u015fi vermek i\u00e7in kolay kimlik kart\u0131 ba\u015fvuru formunu doldurun!","robots":{"index":"index","follow":"follow","max-snippet":"max-snippet:-1","max-image-preview":"max-image-preview:large","max-video-preview":"max-video-preview:-1"},"canonical":"https:\/\/buyauthenticdocument.com\/tr\/kimlik-karti-basvuru-formu\/","og_locale":"tr_TR","og_type":"article","og_title":"ID card Application form","og_description":"Fill an easy ID card application form to order ID cards from the buyauthenticdocument.com!","og_url":"https:\/\/buyauthenticdocument.com\/tr\/kimlik-karti-basvuru-formu\/","og_site_name":"Buy Authentic Documents","article_modified_time":"2024-06-14T14:36:17+00:00","twitter_card":"summary_large_image","twitter_misc":{"Tahmini okuma s\u00fcresi":"1 dakika"},"schema":{"@context":"https:\/\/schema.org","@graph":[{"@type":"WebPage","@id":"https:\/\/buyauthenticdocument.com\/id-card-application-form\/","url":"https:\/\/buyauthenticdocument.com\/id-card-application-form\/","name":"Kimlik Kart\u0131 Ba\u015fvuru Formu | Orijinal Belgeler Sat\u0131n Al\u0131n","isPartOf":{"@id":"https:\/\/buyauthenticdocument.com\/#website"},"datePublished":"2023-05-09T02:50:35+00:00","dateModified":"2024-06-14T14:36:17+00:00","description":"Buyauthenticdocument.com&#039;dan kimlik kart\u0131 sipari\u015fi vermek i\u00e7in kolay kimlik kart\u0131 ba\u015fvuru formunu doldurun!","breadcrumb":{"@id":"https:\/\/buyauthenticdocument.com\/id-card-application-form\/#breadcrumb"},"inLanguage":"tr","potentialAction":[{"@type":"ReadAction","target":["https:\/\/buyauthenticdocument.com\/id-card-application-form\/"]}]},{"@type":"BreadcrumbList","@id":"https:\/\/buyauthenticdocument.com\/id-card-application-form\/#breadcrumb","itemListElement":[{"@type":"ListItem","position":1,"name":"Home","item":"https:\/\/buyauthenticdocument.com\/"},{"@type":"ListItem","position":2,"name":"ID card Application form"}]},{"@type":"WebSite","@id":"https:\/\/buyauthenticdocument.com\/#website","url":"https:\/\/buyauthenticdocument.com\/","name":"Orijinal Belgeler Sat\u0131n Al\u0131n","description":"Kay\u0131tl\u0131 belgeleri \u00e7evrimi\u00e7i sat\u0131n al\u0131n","potentialAction":[{"@type":"SearchAction","target":{"@type":"EntryPoint","urlTemplate":"https:\/\/buyauthenticdocument.com\/?s={search_term_string}"},"query-input":{"@type":"PropertyValueSpecification","valueRequired":true,"valueName":"search_term_string"}}],"inLanguage":"tr"}]}},"_links":{"self":[{"href":"https:\/\/buyauthenticdocument.com\/tr\/wp-json\/wp\/v2\/pages\/285","targetHints":{"allow":["GET"]}}],"collection":[{"href":"https:\/\/buyauthenticdocument.com\/tr\/wp-json\/wp\/v2\/pages"}],"about":[{"href":"https:\/\/buyauthenticdocument.com\/tr\/wp-json\/wp\/v2\/types\/page"}],"author":[{"embeddable":true,"href":"https:\/\/buyauthenticdocument.com\/tr\/wp-json\/wp\/v2\/users\/1"}],"replies":[{"embeddable":true,"href":"https:\/\/buyauthenticdocument.com\/tr\/wp-json\/wp\/v2\/comments?post=285"}],"version-history":[{"count":10,"href":"https:\/\/buyauthenticdocument.com\/tr\/wp-json\/wp\/v2\/pages\/285\/revisions"}],"predecessor-version":[{"id":2048,"href":"https:\/\/buyauthenticdocument.com\/tr\/wp-json\/wp\/v2\/pages\/285\/revisions\/2048"}],"wp:attachment":[{"href":"https:\/\/buyauthenticdocument.com\/tr\/wp-json\/wp\/v2\/media?parent=285"}],"curies":[{"name":"wp","href":"https:\/\/api.w.org\/{rel}","templated":true}]}}