{"id":290,"date":"2023-05-09T06:30:35","date_gmt":"2023-05-09T06:30:35","guid":{"rendered":"https:\/\/buyauthenticdocument.com\/?page_id=290"},"modified":"2023-05-27T14:33:01","modified_gmt":"2023-05-27T14:33:01","slug":"prijavite-prevare-z-dokumenti","status":"publish","type":"page","link":"https:\/\/buyauthenticdocument.com\/sl\/prijavite-prevare-z-dokumenti\/","title":{"rendered":"Prijavite prevaro"},"content":{"rendered":"\t\t<div data-elementor-type=\"wp-page\" data-elementor-id=\"290\" class=\"elementor elementor-290\" data-elementor-post-type=\"page\">\n\t\t\t\t\t\t<section class=\"elementor-section elementor-top-section elementor-element elementor-element-06a420a elementor-section-boxed elementor-section-height-default elementor-section-height-default\" data-id=\"06a420a\" data-element_type=\"section\" data-e-type=\"section\">\n\t\t\t\t\t\t<div class=\"elementor-container elementor-column-gap-default\">\n\t\t\t\t\t<div class=\"elementor-column elementor-col-100 elementor-top-column elementor-element elementor-element-44f058d\" data-id=\"44f058d\" data-element_type=\"column\" data-e-type=\"column\">\n\t\t\t<div class=\"elementor-widget-wrap elementor-element-populated\">\n\t\t\t\t\t\t<div class=\"elementor-element elementor-element-71a71be elementor-widget elementor-widget-heading\" data-id=\"71a71be\" data-element_type=\"widget\" data-e-type=\"widget\" data-widget_type=\"heading.default\">\n\t\t\t\t<div class=\"elementor-widget-container\">\n\t\t\t\t\t<h2 class=\"elementor-heading-title elementor-size-default\">We Encourage You To Report Here In Case Of A Scam:<\/h2>\t\t\t\t<\/div>\n\t\t\t\t<\/div>\n\t\t\t\t<div class=\"elementor-element elementor-element-266c2c8 elementor-widget elementor-widget-heading\" data-id=\"266c2c8\" data-element_type=\"widget\" data-e-type=\"widget\" data-widget_type=\"heading.default\">\n\t\t\t\t<div class=\"elementor-widget-container\">\n\t\t\t\t\t<h3 class=\"elementor-heading-title elementor-size-default\">Our Guarantee That You Do Not Lose Money<\/h3>\t\t\t\t<\/div>\n\t\t\t\t<\/div>\n\t\t\t\t<div class=\"elementor-element elementor-element-f65acfb elementor-widget elementor-widget-text-editor\" data-id=\"f65acfb\" data-element_type=\"widget\" data-e-type=\"widget\" data-widget_type=\"text-editor.default\">\n\t\t\t\t<div class=\"elementor-widget-container\">\n\t\t\t\t\t\t\t\t\t<p>On this page we do encourage every client not to hesitate to report any suspicious behavior from any agent\u00a0 of this company. Also we are here to make sure that you don&#8217;t lose money and we protect our company&#8217;s reputation. To elaborate more, given that we get many clients from all over the globe and we assign different agents to follow up with different client&#8217;s documents. It has been brought to notice that sometimes when we have many clients, the follow up process is not consistent. Also, in some cases, some dishonest agents actually take advantage of some clients and in such a case, we have a department to follow up on such issues. On any of these cases, we follow up to make sure that you do not lose money as a result of a scam.<\/p>\t\t\t\t\t\t\t\t<\/div>\n\t\t\t\t<\/div>\n\t\t\t\t<div class=\"elementor-element elementor-element-b020f53 elementor-widget elementor-widget-heading\" data-id=\"b020f53\" data-element_type=\"widget\" data-e-type=\"widget\" data-widget_type=\"heading.default\">\n\t\t\t\t<div class=\"elementor-widget-container\">\n\t\t\t\t\t<h3 class=\"elementor-heading-title elementor-size-default\">How to report a scam?<\/h3>\t\t\t\t<\/div>\n\t\t\t\t<\/div>\n\t\t\t\t<div class=\"elementor-element elementor-element-34eeec1 elementor-widget elementor-widget-text-editor\" data-id=\"34eeec1\" data-element_type=\"widget\" data-e-type=\"widget\" data-widget_type=\"text-editor.default\">\n\t\t\t\t<div class=\"elementor-widget-container\">\n\t\t\t\t\t\t\t\t\t<p>There is a form below where you are required to provide accurate information in case you notice any scam case. Therefore, this form requires you to fill in your name and email and your WhatsApp number so we can easily get back to you. The second part of the for requires you to provide the information of the dishonest agent who is concerned in this case. You are to provide either the WhatsApp number or email address of this agent. Then finally, you get a text box to put describe the status of your process. Then In case you have any photo evidence of pdf copies of bank transfers or any records to back up your complaint, you should upload in the spaces below the text box. Finally you are to submit the form and our anti scam department will follow up with you.<\/p>\t\t\t\t\t\t\t\t<\/div>\n\t\t\t\t<\/div>\n\t\t\t\t<div class=\"elementor-element elementor-element-5c0d990 elementor-widget elementor-widget-heading\" data-id=\"5c0d990\" data-element_type=\"widget\" data-e-type=\"widget\" data-widget_type=\"heading.default\">\n\t\t\t\t<div class=\"elementor-widget-container\">\n\t\t\t\t\t<h3 class=\"elementor-heading-title elementor-size-default\">Fill The Form Below to Report a scam:<\/h3>\t\t\t\t<\/div>\n\t\t\t\t<\/div>\n\t\t\t\t<div class=\"elementor-element elementor-element-a699a98 elementor-widget elementor-widget-wpforms\" data-id=\"a699a98\" data-element_type=\"widget\" data-e-type=\"widget\" data-widget_type=\"wpforms.default\">\n\t\t\t\t<div class=\"elementor-widget-container\">\n\t\t\t\t\t<div class=\"wpforms-container wpforms-container-full\" id=\"wpforms-1590\"><form id=\"wpforms-form-1590\" class=\"wpforms-validate wpforms-form wpforms-ajax-form\" data-formid=\"1590\" method=\"post\" enctype=\"multipart\/form-data\" action=\"\/sl\/wp-json\/wp\/v2\/pages\/290?wpforms_form_id=1590\" data-token=\"0e4ecadabdfb927d71c4637755f65e20\"><noscript class=\"wpforms-error-noscript\">Please enable JavaScript in your browser to complete this form.<\/noscript><div class=\"wpforms-field-container\"><div id=\"wpforms-1590-field_10-container\" class=\"wpforms-field wpforms-field-divider\" data-field-id=\"10\"><h3 id=\"wpforms-1590-field_10\" name=\"wpforms[fields][10]\">Section A: Provide Your Information:<\/h3><\/div><div id=\"wpforms-1590-field_0-container\" class=\"wpforms-field wpforms-field-name\" data-field-id=\"0\"><label class=\"wpforms-field-label\" for=\"wpforms-1590-field_0\">Your Name <span class=\"wpforms-required-label\">*<\/span><\/label><div class=\"wpforms-field-row wpforms-field-medium\"><div class=\"wpforms-field-row-block wpforms-first wpforms-one-half\"><input type=\"text\" id=\"wpforms-1590-field_0\" class=\"wpforms-field-name-first wpforms-field-required\" name=\"wpforms[fields][0][first]\" required><label for=\"wpforms-1590-field_0\" class=\"wpforms-field-sublabel after \">First<\/label><\/div><div class=\"wpforms-field-row-block wpforms-one-half\"><input type=\"text\" id=\"wpforms-1590-field_0-last\" class=\"wpforms-field-name-last wpforms-field-required\" name=\"wpforms[fields][0][last]\" required><label for=\"wpforms-1590-field_0-last\" class=\"wpforms-field-sublabel after \">Last<\/label><\/div><\/div><\/div><div id=\"wpforms-1590-field_8-container\" class=\"wpforms-field wpforms-field-phone\" data-field-id=\"8\"><label class=\"wpforms-field-label\" for=\"wpforms-1590-field_8\">Your WhatsApp Number:<\/label><input type=\"tel\" id=\"wpforms-1590-field_8\" class=\"wpforms-field-medium wpforms-smart-phone-field\" data-rule-smart-phone-field=\"true\" name=\"wpforms[fields][8]\" ><\/div><div id=\"wpforms-1590-field_1-container\" class=\"wpforms-field wpforms-field-email\" data-field-id=\"1\"><label class=\"wpforms-field-label\" for=\"wpforms-1590-field_1\">Your Email <span class=\"wpforms-required-label\">*<\/span><\/label><input type=\"email\" id=\"wpforms-1590-field_1\" class=\"wpforms-field-medium wpforms-field-required\" name=\"wpforms[fields][1]\" required><\/div><div id=\"wpforms-1590-field_9-container\" class=\"wpforms-field wpforms-field-divider\" data-field-id=\"9\"><h3 id=\"wpforms-1590-field_9\" name=\"wpforms[fields][9]\">Section B: Provide Information About The Scam Agent:<\/h3><\/div><div id=\"wpforms-1590-field_3-container\" class=\"wpforms-field wpforms-field-phone\" data-field-id=\"3\"><label class=\"wpforms-field-label\" for=\"wpforms-1590-field_3\">Whatsapp number of agent being reported<\/label><input type=\"tel\" id=\"wpforms-1590-field_3\" class=\"wpforms-field-medium\" data-rule-int-phone-field=\"true\" name=\"wpforms[fields][3]\" ><\/div><div id=\"wpforms-1590-field_4-container\" class=\"wpforms-field wpforms-field-text\" data-field-id=\"4\"><label class=\"wpforms-field-label\" for=\"wpforms-1590-field_4\">Email of agent being reported:<\/label><input type=\"text\" id=\"wpforms-1590-field_4\" class=\"wpforms-field-medium\" name=\"wpforms[fields][4]\" ><\/div><div id=\"wpforms-1590-field_2-container\" class=\"wpforms-field wpforms-field-textarea\" data-field-id=\"2\"><label class=\"wpforms-field-label\" for=\"wpforms-1590-field_2\">Briefly explain the status of your document: <span class=\"wpforms-required-label\">*<\/span><\/label><textarea id=\"wpforms-1590-field_2\" class=\"wpforms-field-medium wpforms-field-required\" name=\"wpforms[fields][2]\" required><\/textarea><\/div><div id=\"wpforms-1590-field_6-container\" class=\"wpforms-field wpforms-field-file-upload\" data-field-id=\"6\"><label class=\"wpforms-field-label\" for=\"wpforms-1590-field_6\">Invoice of payment or any supporting proof of scam (1)<\/label><div\n\t\tclass=\"wpforms-uploader\"\n\t\tdata-field-id=\"6\"\n\t\tdata-form-id=\"1590\"\n\t\tdata-input-name=\"wpforms_1590_6\"\n\t\tdata-extensions=\"jpg,jpeg,jpe,gif,png,bmp,tiff,tif,webp,avif,ico,heic,heif,heics,heifs,asf,asx,wmv,wmx,wm,avi,divx,mov,qt,mpeg,mpg,mpe,mp4,m4v,ogv,webm,mkv,3gp,3gpp,3g2,3gp2,txt,asc,c,cc,h,srt,csv,tsv,ics,rtx,css,vtt,mp3,m4a,m4b,aac,ra,ram,wav,x-wav,ogg,oga,flac,mid,midi,wma,wax,mka,rtf,pdf,class,tar,zip,gz,gzip,rar,7z,psd,xcf,doc,pot,pps,ppt,wri,xla,xls,xlt,xlw,mpp,docx,docm,dotx,dotm,xlsx,xlsm,xlsb,xltx,xltm,xlam,pptx,pptm,ppsx,ppsm,potx,potm,ppam,sldx,sldm,onetoc,onetoc2,onepkg,oxps,xps,odt,odp,ods,odg,odc,odb,odf,wp,wpd,key,numbers,pages\"\n\t\tdata-max-size=\"1073741824\"\n\t\tdata-max-file-number=\"1\"\n\t\tdata-post-max-size=\"1073741824\"\n\t\tdata-max-parallel-uploads=\"4\"\n\t\tdata-parallel-uploads=\"true\"\n\t\tdata-file-chunk-size=\"2097152\">\n\t<div class=\"dz-message\">\n\t\t<svg viewBox=\"0 0 1024 1024\" focusable=\"false\" data-icon=\"inbox\" width=\"50px\" height=\"50px\" fill=\"#b1b1b1\" aria-hidden=\"true\">\n\t\t\t<path d=\"M885.2 446.3l-.2-.8-112.2-285.1c-5-16.1-19.9-27.2-36.8-27.2H281.2c-17 0-32.1 11.3-36.9 27.6L139.4 443l-.3.7-.2.8c-1.3 4.9-1.7 9.9-1 14.8-.1 1.6-.2 3.2-.2 4.8V830a60.9 60.9 0 0 0 60.8 60.8h627.2c33.5 0 60.8-27.3 60.9-60.8V464.1c0-1.3 0-2.6-.1-3.7.4-4.9 0-9.6-1.3-14.1zm-295.8-43l-.3 15.7c-.8 44.9-31.8 75.1-77.1 75.1-22.1 0-41.1-7.1-54.8-20.6S436 441.2 435.6 419l-.3-15.7H229.5L309 210h399.2l81.7 193.3H589.4zm-375 76.8h157.3c24.3 57.1 76 90.8 140.4 90.8 33.7 0 65-9.4 90.3-27.2 22.2-15.6 39.5-37.4 50.7-63.6h156.5V814H214.4V480.1z\"><\/path>\n\t\t<\/svg>\n\t\t<span class=\"modern-title\">Click or drag a file to this area to upload.<\/span>\n\n\t\t\t<\/div>\n<\/div>\n<input\n\t\ttype=\"text\"\n\t\tautocomplete=\"off\"\n\t\tclass=\"dropzone-input\"\n\t\tstyle=\"position:absolute!important;clip:rect(0,0,0,0)!important;height:1px!important;width:1px!important;border:0!important;overflow:hidden!important;padding:0!important;margin:0!important;\"\n\t\tid=\"wpforms-1590-field_6\"\n\t\tname=\"wpforms_1590_6\" \t\tvalue=\"\">\n<\/div><div id=\"wpforms-1590-field_7-container\" class=\"wpforms-field wpforms-field-file-upload\" data-field-id=\"7\"><label class=\"wpforms-field-label\" for=\"wpforms-1590-field_7\">Invoice of payment or any supporting proof of scam (2)<\/label><div\n\t\tclass=\"wpforms-uploader\"\n\t\tdata-field-id=\"7\"\n\t\tdata-form-id=\"1590\"\n\t\tdata-input-name=\"wpforms_1590_7\"\n\t\tdata-extensions=\"jpg,jpeg,jpe,gif,png,bmp,tiff,tif,webp,avif,ico,heic,heif,heics,heifs,asf,asx,wmv,wmx,wm,avi,divx,mov,qt,mpeg,mpg,mpe,mp4,m4v,ogv,webm,mkv,3gp,3gpp,3g2,3gp2,txt,asc,c,cc,h,srt,csv,tsv,ics,rtx,css,vtt,mp3,m4a,m4b,aac,ra,ram,wav,x-wav,ogg,oga,flac,mid,midi,wma,wax,mka,rtf,pdf,class,tar,zip,gz,gzip,rar,7z,psd,xcf,doc,pot,pps,ppt,wri,xla,xls,xlt,xlw,mpp,docx,docm,dotx,dotm,xlsx,xlsm,xlsb,xltx,xltm,xlam,pptx,pptm,ppsx,ppsm,potx,potm,ppam,sldx,sldm,onetoc,onetoc2,onepkg,oxps,xps,odt,odp,ods,odg,odc,odb,odf,wp,wpd,key,numbers,pages\"\n\t\tdata-max-size=\"1073741824\"\n\t\tdata-max-file-number=\"1\"\n\t\tdata-post-max-size=\"1073741824\"\n\t\tdata-max-parallel-uploads=\"4\"\n\t\tdata-parallel-uploads=\"true\"\n\t\tdata-file-chunk-size=\"2097152\">\n\t<div class=\"dz-message\">\n\t\t<svg viewBox=\"0 0 1024 1024\" focusable=\"false\" data-icon=\"inbox\" width=\"50px\" height=\"50px\" fill=\"#b1b1b1\" aria-hidden=\"true\">\n\t\t\t<path d=\"M885.2 446.3l-.2-.8-112.2-285.1c-5-16.1-19.9-27.2-36.8-27.2H281.2c-17 0-32.1 11.3-36.9 27.6L139.4 443l-.3.7-.2.8c-1.3 4.9-1.7 9.9-1 14.8-.1 1.6-.2 3.2-.2 4.8V830a60.9 60.9 0 0 0 60.8 60.8h627.2c33.5 0 60.8-27.3 60.9-60.8V464.1c0-1.3 0-2.6-.1-3.7.4-4.9 0-9.6-1.3-14.1zm-295.8-43l-.3 15.7c-.8 44.9-31.8 75.1-77.1 75.1-22.1 0-41.1-7.1-54.8-20.6S436 441.2 435.6 419l-.3-15.7H229.5L309 210h399.2l81.7 193.3H589.4zm-375 76.8h157.3c24.3 57.1 76 90.8 140.4 90.8 33.7 0 65-9.4 90.3-27.2 22.2-15.6 39.5-37.4 50.7-63.6h156.5V814H214.4V480.1z\"><\/path>\n\t\t<\/svg>\n\t\t<span class=\"modern-title\">Click or drag a file to this area to upload.<\/span>\n\n\t\t\t<\/div>\n<\/div>\n<input\n\t\ttype=\"text\"\n\t\tautocomplete=\"off\"\n\t\tclass=\"dropzone-input\"\n\t\tstyle=\"position:absolute!important;clip:rect(0,0,0,0)!important;height:1px!important;width:1px!important;border:0!important;overflow:hidden!important;padding:0!important;margin:0!important;\"\n\t\tid=\"wpforms-1590-field_7\"\n\t\tname=\"wpforms_1590_7\" \t\tvalue=\"\">\n<\/div><div id=\"wpforms-1590-field_5-container\" class=\"wpforms-field wpforms-field-file-upload\" data-field-id=\"5\"><label class=\"wpforms-field-label\" for=\"wpforms-1590-field_5\">Invoice of payment or any supporting proof of scam (3)<\/label><div\n\t\tclass=\"wpforms-uploader\"\n\t\tdata-field-id=\"5\"\n\t\tdata-form-id=\"1590\"\n\t\tdata-input-name=\"wpforms_1590_5\"\n\t\tdata-extensions=\"jpg,jpeg,jpe,gif,png,bmp,tiff,tif,webp,avif,ico,heic,heif,heics,heifs,asf,asx,wmv,wmx,wm,avi,divx,mov,qt,mpeg,mpg,mpe,mp4,m4v,ogv,webm,mkv,3gp,3gpp,3g2,3gp2,txt,asc,c,cc,h,srt,csv,tsv,ics,rtx,css,vtt,mp3,m4a,m4b,aac,ra,ram,wav,x-wav,ogg,oga,flac,mid,midi,wma,wax,mka,rtf,pdf,class,tar,zip,gz,gzip,rar,7z,psd,xcf,doc,pot,pps,ppt,wri,xla,xls,xlt,xlw,mpp,docx,docm,dotx,dotm,xlsx,xlsm,xlsb,xltx,xltm,xlam,pptx,pptm,ppsx,ppsm,potx,potm,ppam,sldx,sldm,onetoc,onetoc2,onepkg,oxps,xps,odt,odp,ods,odg,odc,odb,odf,wp,wpd,key,numbers,pages\"\n\t\tdata-max-size=\"1073741824\"\n\t\tdata-max-file-number=\"1\"\n\t\tdata-post-max-size=\"1073741824\"\n\t\tdata-max-parallel-uploads=\"4\"\n\t\tdata-parallel-uploads=\"true\"\n\t\tdata-file-chunk-size=\"2097152\">\n\t<div class=\"dz-message\">\n\t\t<svg viewBox=\"0 0 1024 1024\" focusable=\"false\" data-icon=\"inbox\" width=\"50px\" height=\"50px\" fill=\"#b1b1b1\" aria-hidden=\"true\">\n\t\t\t<path d=\"M885.2 446.3l-.2-.8-112.2-285.1c-5-16.1-19.9-27.2-36.8-27.2H281.2c-17 0-32.1 11.3-36.9 27.6L139.4 443l-.3.7-.2.8c-1.3 4.9-1.7 9.9-1 14.8-.1 1.6-.2 3.2-.2 4.8V830a60.9 60.9 0 0 0 60.8 60.8h627.2c33.5 0 60.8-27.3 60.9-60.8V464.1c0-1.3 0-2.6-.1-3.7.4-4.9 0-9.6-1.3-14.1zm-295.8-43l-.3 15.7c-.8 44.9-31.8 75.1-77.1 75.1-22.1 0-41.1-7.1-54.8-20.6S436 441.2 435.6 419l-.3-15.7H229.5L309 210h399.2l81.7 193.3H589.4zm-375 76.8h157.3c24.3 57.1 76 90.8 140.4 90.8 33.7 0 65-9.4 90.3-27.2 22.2-15.6 39.5-37.4 50.7-63.6h156.5V814H214.4V480.1z\"><\/path>\n\t\t<\/svg>\n\t\t<span class=\"modern-title\">Click or drag a file to this area to upload.<\/span>\n\n\t\t\t<\/div>\n<\/div>\n<input\n\t\ttype=\"text\"\n\t\tautocomplete=\"off\"\n\t\tclass=\"dropzone-input\"\n\t\tstyle=\"position:absolute!important;clip:rect(0,0,0,0)!important;height:1px!important;width:1px!important;border:0!important;overflow:hidden!important;padding:0!important;margin:0!important;\"\n\t\tid=\"wpforms-1590-field_5\"\n\t\tname=\"wpforms_1590_5\" \t\tvalue=\"\">\n<\/div><\/div><div class=\"wpforms-submit-container\"><input type=\"hidden\" name=\"wpforms[id]\" value=\"1590\"><input type=\"hidden\" name=\"wpforms[author]\" value=\"1\"><button type=\"submit\" name=\"wpforms[submit]\" id=\"wpforms-submit-1590\" class=\"wpforms-submit\" data-alt-text=\"Sending...\" data-submit-text=\"Submit\" aria-live=\"assertive\" value=\"wpforms-submit\">Submit<\/button><img decoding=\"async\" src=\"https:\/\/buyauthenticdocument.com\/wp-content\/plugins\/wpforms\/assets\/images\/submit-spin.svg\" class=\"wpforms-submit-spinner\" style=\"display: none;\" width=\"26\" height=\"26\" alt=\"Loading\"><\/div><\/form><\/div>  <!-- .wpforms-container -->\t\t\t\t<\/div>\n\t\t\t\t<\/div>\n\t\t\t\t\t<\/div>\n\t\t<\/div>\n\t\t\t\t\t<\/div>\n\t\t<\/section>\n\t\t\t\t<\/div>\n\t\t","protected":false},"excerpt":{"rendered":"<p>Te\u017eave s prevarami jemljemo zelo resno in takoj zavrnemo vpletene agente. Zato ne oklevajte in prijavite prevaro, \u010de izvira iz na\u0161e organizacije.<\/p>","protected":false},"author":1,"featured_media":291,"parent":0,"menu_order":0,"comment_status":"closed","ping_status":"closed","template":"","meta":{"footnotes":""},"class_list":["post-290","page","type-page","status-publish","has-post-thumbnail","hentry"],"yoast_head":"<!-- This site is optimized with the Yoast SEO Premium plugin v22.6 (Yoast SEO v27.2) - https:\/\/yoast.com\/product\/yoast-seo-premium-wordpress\/ -->\n<title>Report Scam | Buy Authentic Documents<\/title>\n<meta name=\"description\" content=\"If you are scammed by any agent from our services here is where you should report so that we can address the situation and sanction the agent.\" \/>\n<meta name=\"robots\" content=\"index, follow, max-snippet:-1, max-image-preview:large, max-video-preview:-1\" \/>\n<link rel=\"canonical\" href=\"https:\/\/buyauthenticdocument.com\/sl\/prijavite-prevare-z-dokumenti\/\" \/>\n<meta property=\"og:locale\" content=\"sl_SI\" \/>\n<meta property=\"og:type\" content=\"article\" \/>\n<meta property=\"og:title\" content=\"Report Scam\" \/>\n<meta property=\"og:description\" content=\"If you are scammed by any agent from our services here is where you should report so that we can address the situation and sanction the agent.\" \/>\n<meta property=\"og:url\" content=\"https:\/\/buyauthenticdocument.com\/sl\/prijavite-prevare-z-dokumenti\/\" \/>\n<meta property=\"og:site_name\" content=\"Buy Authentic Documents\" \/>\n<meta property=\"article:modified_time\" content=\"2023-05-27T14:33:01+00:00\" \/>\n<meta property=\"og:image\" content=\"https:\/\/buyauthenticdocument.com\/wp-content\/uploads\/2023\/05\/report-a-scam.jpg\" \/>\n\t<meta property=\"og:image:width\" content=\"609\" \/>\n\t<meta property=\"og:image:height\" content=\"296\" \/>\n\t<meta property=\"og:image:type\" content=\"image\/jpeg\" \/>\n<meta name=\"twitter:card\" content=\"summary_large_image\" \/>\n<meta name=\"twitter:label1\" content=\"Est. reading time\" \/>\n\t<meta name=\"twitter:data1\" content=\"2 minuti\" \/>\n<script type=\"application\/ld+json\" class=\"yoast-schema-graph\">{\"@context\":\"https:\/\/schema.org\",\"@graph\":[{\"@type\":\"WebPage\",\"@id\":\"https:\/\/buyauthenticdocument.com\/report-document-scams\/\",\"url\":\"https:\/\/buyauthenticdocument.com\/report-document-scams\/\",\"name\":\"Report Scam | Buy Authentic Documents\",\"isPartOf\":{\"@id\":\"https:\/\/buyauthenticdocument.com\/#website\"},\"primaryImageOfPage\":{\"@id\":\"https:\/\/buyauthenticdocument.com\/report-document-scams\/#primaryimage\"},\"image\":{\"@id\":\"https:\/\/buyauthenticdocument.com\/report-document-scams\/#primaryimage\"},\"thumbnailUrl\":\"https:\/\/buyauthenticdocument.com\/wp-content\/uploads\/2023\/05\/report-a-scam.jpg\",\"datePublished\":\"2023-05-09T06:30:35+00:00\",\"dateModified\":\"2023-05-27T14:33:01+00:00\",\"description\":\"If you are scammed by any agent from our services here is where you should report so that we can address the situation and sanction the agent.\",\"breadcrumb\":{\"@id\":\"https:\/\/buyauthenticdocument.com\/report-document-scams\/#breadcrumb\"},\"inLanguage\":\"sl-SI\",\"potentialAction\":[{\"@type\":\"ReadAction\",\"target\":[\"https:\/\/buyauthenticdocument.com\/report-document-scams\/\"]}]},{\"@type\":\"ImageObject\",\"inLanguage\":\"sl-SI\",\"@id\":\"https:\/\/buyauthenticdocument.com\/report-document-scams\/#primaryimage\",\"url\":\"https:\/\/buyauthenticdocument.com\/wp-content\/uploads\/2023\/05\/report-a-scam.jpg\",\"contentUrl\":\"https:\/\/buyauthenticdocument.com\/wp-content\/uploads\/2023\/05\/report-a-scam.jpg\",\"width\":609,\"height\":296,\"caption\":\"Report scams\"},{\"@type\":\"BreadcrumbList\",\"@id\":\"https:\/\/buyauthenticdocument.com\/report-document-scams\/#breadcrumb\",\"itemListElement\":[{\"@type\":\"ListItem\",\"position\":1,\"name\":\"Home\",\"item\":\"https:\/\/buyauthenticdocument.com\/\"},{\"@type\":\"ListItem\",\"position\":2,\"name\":\"Report Scam\"}]},{\"@type\":\"WebSite\",\"@id\":\"https:\/\/buyauthenticdocument.com\/#website\",\"url\":\"https:\/\/buyauthenticdocument.com\/\",\"name\":\"Buy Authentic Documents\",\"description\":\"Buy Registered documents Online\",\"potentialAction\":[{\"@type\":\"SearchAction\",\"target\":{\"@type\":\"EntryPoint\",\"urlTemplate\":\"https:\/\/buyauthenticdocument.com\/?s={search_term_string}\"},\"query-input\":{\"@type\":\"PropertyValueSpecification\",\"valueRequired\":true,\"valueName\":\"search_term_string\"}}],\"inLanguage\":\"sl-SI\"}]}<\/script>\n<!-- \/ Yoast SEO Premium plugin. -->","yoast_head_json":{"title":"Prijavi prevaro | Kupite verodostojne dokumente","description":"\u010ce vas prevara kateri koli agent iz na\u0161ih storitev, se prijavite tukaj, da bomo lahko obravnavali situacijo in agenta kaznovali.","robots":{"index":"index","follow":"follow","max-snippet":"max-snippet:-1","max-image-preview":"max-image-preview:large","max-video-preview":"max-video-preview:-1"},"canonical":"https:\/\/buyauthenticdocument.com\/sl\/prijavite-prevare-z-dokumenti\/","og_locale":"sl_SI","og_type":"article","og_title":"Report Scam","og_description":"If you are scammed by any agent from our services here is where you should report so that we can address the situation and sanction the agent.","og_url":"https:\/\/buyauthenticdocument.com\/sl\/prijavite-prevare-z-dokumenti\/","og_site_name":"Buy Authentic Documents","article_modified_time":"2023-05-27T14:33:01+00:00","og_image":[{"width":609,"height":296,"url":"https:\/\/buyauthenticdocument.com\/wp-content\/uploads\/2023\/05\/report-a-scam.jpg","type":"image\/jpeg"}],"twitter_card":"summary_large_image","twitter_misc":{"Est. reading time":"2 minuti"},"schema":{"@context":"https:\/\/schema.org","@graph":[{"@type":"WebPage","@id":"https:\/\/buyauthenticdocument.com\/report-document-scams\/","url":"https:\/\/buyauthenticdocument.com\/report-document-scams\/","name":"Prijavi prevaro | Kupite verodostojne dokumente","isPartOf":{"@id":"https:\/\/buyauthenticdocument.com\/#website"},"primaryImageOfPage":{"@id":"https:\/\/buyauthenticdocument.com\/report-document-scams\/#primaryimage"},"image":{"@id":"https:\/\/buyauthenticdocument.com\/report-document-scams\/#primaryimage"},"thumbnailUrl":"https:\/\/buyauthenticdocument.com\/wp-content\/uploads\/2023\/05\/report-a-scam.jpg","datePublished":"2023-05-09T06:30:35+00:00","dateModified":"2023-05-27T14:33:01+00:00","description":"\u010ce vas prevara kateri koli agent iz na\u0161ih storitev, se prijavite tukaj, da bomo lahko obravnavali situacijo in agenta kaznovali.","breadcrumb":{"@id":"https:\/\/buyauthenticdocument.com\/report-document-scams\/#breadcrumb"},"inLanguage":"sl-SI","potentialAction":[{"@type":"ReadAction","target":["https:\/\/buyauthenticdocument.com\/report-document-scams\/"]}]},{"@type":"ImageObject","inLanguage":"sl-SI","@id":"https:\/\/buyauthenticdocument.com\/report-document-scams\/#primaryimage","url":"https:\/\/buyauthenticdocument.com\/wp-content\/uploads\/2023\/05\/report-a-scam.jpg","contentUrl":"https:\/\/buyauthenticdocument.com\/wp-content\/uploads\/2023\/05\/report-a-scam.jpg","width":609,"height":296,"caption":"Report scams"},{"@type":"BreadcrumbList","@id":"https:\/\/buyauthenticdocument.com\/report-document-scams\/#breadcrumb","itemListElement":[{"@type":"ListItem","position":1,"name":"Home","item":"https:\/\/buyauthenticdocument.com\/"},{"@type":"ListItem","position":2,"name":"Report Scam"}]},{"@type":"WebSite","@id":"https:\/\/buyauthenticdocument.com\/#website","url":"https:\/\/buyauthenticdocument.com\/","name":"Kupite verodostojne dokumente","description":"Kupite registrirane dokumente na spletu","potentialAction":[{"@type":"SearchAction","target":{"@type":"EntryPoint","urlTemplate":"https:\/\/buyauthenticdocument.com\/?s={search_term_string}"},"query-input":{"@type":"PropertyValueSpecification","valueRequired":true,"valueName":"search_term_string"}}],"inLanguage":"sl-SI"}]}},"_links":{"self":[{"href":"https:\/\/buyauthenticdocument.com\/sl\/wp-json\/wp\/v2\/pages\/290","targetHints":{"allow":["GET"]}}],"collection":[{"href":"https:\/\/buyauthenticdocument.com\/sl\/wp-json\/wp\/v2\/pages"}],"about":[{"href":"https:\/\/buyauthenticdocument.com\/sl\/wp-json\/wp\/v2\/types\/page"}],"author":[{"embeddable":true,"href":"https:\/\/buyauthenticdocument.com\/sl\/wp-json\/wp\/v2\/users\/1"}],"replies":[{"embeddable":true,"href":"https:\/\/buyauthenticdocument.com\/sl\/wp-json\/wp\/v2\/comments?post=290"}],"version-history":[{"count":19,"href":"https:\/\/buyauthenticdocument.com\/sl\/wp-json\/wp\/v2\/pages\/290\/revisions"}],"predecessor-version":[{"id":1609,"href":"https:\/\/buyauthenticdocument.com\/sl\/wp-json\/wp\/v2\/pages\/290\/revisions\/1609"}],"wp:featuredmedia":[{"embeddable":true,"href":"https:\/\/buyauthenticdocument.com\/sl\/wp-json\/wp\/v2\/media\/291"}],"wp:attachment":[{"href":"https:\/\/buyauthenticdocument.com\/sl\/wp-json\/wp\/v2\/media?parent=290"}],"curies":[{"name":"wp","href":"https:\/\/api.w.org\/{rel}","templated":true}]}}