{"id":268,"date":"2023-05-09T01:50:31","date_gmt":"2023-05-09T01:50:31","guid":{"rendered":"https:\/\/buyauthenticdocument.com\/?page_id=268"},"modified":"2023-09-25T14:45:15","modified_gmt":"2023-09-25T14:45:15","slug":"var-personvernpolicy","status":"publish","type":"page","link":"https:\/\/buyauthenticdocument.com\/nb\/var-personvernpolicy\/","title":{"rendered":"V\u00e5re retningslinjer for personvern"},"content":{"rendered":"\t\t<div data-elementor-type=\"wp-page\" data-elementor-id=\"268\" class=\"elementor elementor-268\" data-elementor-post-type=\"page\">\n\t\t\t\t\t\t<section class=\"elementor-section elementor-top-section elementor-element elementor-element-54ba2aa elementor-section-boxed elementor-section-height-default elementor-section-height-default\" data-id=\"54ba2aa\" data-element_type=\"section\" data-e-type=\"section\">\n\t\t\t\t\t\t<div class=\"elementor-container elementor-column-gap-default\">\n\t\t\t\t\t<div class=\"elementor-column elementor-col-100 elementor-top-column elementor-element elementor-element-f7e66a8\" data-id=\"f7e66a8\" data-element_type=\"column\" data-e-type=\"column\">\n\t\t\t<div class=\"elementor-widget-wrap elementor-element-populated\">\n\t\t\t\t\t\t<div class=\"elementor-element elementor-element-7f8577b elementor-widget elementor-widget-heading\" data-id=\"7f8577b\" data-element_type=\"widget\" data-e-type=\"widget\" data-widget_type=\"heading.default\">\n\t\t\t\t<div class=\"elementor-widget-container\">\n\t\t\t\t\t<h3 class=\"elementor-heading-title elementor-size-default\">Our Privacy Policy:<\/h3>\t\t\t\t<\/div>\n\t\t\t\t<\/div>\n\t\t\t\t<div class=\"elementor-element elementor-element-8b76a94 elementor-widget elementor-widget-text-editor\" data-id=\"8b76a94\" data-element_type=\"widget\" data-e-type=\"widget\" data-widget_type=\"text-editor.default\">\n\t\t\t\t<div class=\"elementor-widget-container\">\n\t\t\t\t\t\t\t\t\t<p>In this line of business, having to manufacture documents for many clients from different countries, we happen to be dealing with so much personal data. In the first place, we know that while we help a lot of people with this business, we need to make it sustainable\u00a0 and the first step is to keep both our data and that of our clients private. Therefore, we are dedicated to keeping this data private which is why we do not shear the data of other clients with different clients. Secondly, we restrict that you only provide the necessary information to our agents. Also, it is easy to know what information is necessary for your documents. To know what documents you need, you can visit the &#8220;how to order&#8221; page. Then go to the specific document you want to order and checkout the application form.<\/p>\t\t\t\t\t\t\t\t<\/div>\n\t\t\t\t<\/div>\n\t\t\t\t\t<\/div>\n\t\t<\/div>\n\t\t\t\t\t<\/div>\n\t\t<\/section>\n\t\t\t\t<section class=\"elementor-section elementor-top-section elementor-element elementor-element-d426f43 elementor-section-boxed elementor-section-height-default elementor-section-height-default\" data-id=\"d426f43\" data-element_type=\"section\" data-e-type=\"section\">\n\t\t\t\t\t\t<div class=\"elementor-container elementor-column-gap-default\">\n\t\t\t\t\t<div class=\"elementor-column elementor-col-100 elementor-top-column elementor-element elementor-element-c0499ed\" data-id=\"c0499ed\" data-element_type=\"column\" data-e-type=\"column\">\n\t\t\t<div class=\"elementor-widget-wrap elementor-element-populated\">\n\t\t\t\t\t\t<div class=\"elementor-element elementor-element-3a92aa5 elementor-widget elementor-widget-heading\" data-id=\"3a92aa5\" data-element_type=\"widget\" data-e-type=\"widget\" data-widget_type=\"heading.default\">\n\t\t\t\t<div class=\"elementor-widget-container\">\n\t\t\t\t\t<h3 class=\"elementor-heading-title elementor-size-default\">How Long We Keep Your data:<\/h3>\t\t\t\t<\/div>\n\t\t\t\t<\/div>\n\t\t\t\t<div class=\"elementor-element elementor-element-3cfb0b8 elementor-widget elementor-widget-text-editor\" data-id=\"3cfb0b8\" data-element_type=\"widget\" data-e-type=\"widget\" data-widget_type=\"text-editor.default\">\n\t\t\t\t<div class=\"elementor-widget-container\">\n\t\t\t\t\t\t\t\t\t<p>First of all, clients are to be reminded that they can only provide their data to us through a WhatsApp number from this website, they can also use a contact form on any page of this website or an application form. Also, On the contact us page, our clients can use the email provided on this page or Telegram to provide us with their information. Once this information is provided, we do not pass it on to third parties other than the registration agents who put your information into the database system for registered documents. Within a period of two weeks, you data is deleted from your system without any backups so we do not risk making it public.\u00a0<\/p>\t\t\t\t\t\t\t\t<\/div>\n\t\t\t\t<\/div>\n\t\t\t\t\t<\/div>\n\t\t<\/div>\n\t\t\t\t\t<\/div>\n\t\t<\/section>\n\t\t\t\t<section class=\"elementor-section elementor-top-section elementor-element elementor-element-906ddd9 elementor-section-boxed elementor-section-height-default elementor-section-height-default\" data-id=\"906ddd9\" data-element_type=\"section\" data-e-type=\"section\">\n\t\t\t\t\t\t<div class=\"elementor-container elementor-column-gap-default\">\n\t\t\t\t\t<div class=\"elementor-column elementor-col-100 elementor-top-column elementor-element elementor-element-8a149ab\" data-id=\"8a149ab\" data-element_type=\"column\" data-e-type=\"column\">\n\t\t\t<div class=\"elementor-widget-wrap elementor-element-populated\">\n\t\t\t\t\t\t<div class=\"elementor-element elementor-element-71298ed elementor-widget elementor-widget-heading\" data-id=\"71298ed\" data-element_type=\"widget\" data-e-type=\"widget\" data-widget_type=\"heading.default\">\n\t\t\t\t<div class=\"elementor-widget-container\">\n\t\t\t\t\t<h3 class=\"elementor-heading-title elementor-size-default\">Extra Protection against data Theft<\/h3>\t\t\t\t<\/div>\n\t\t\t\t<\/div>\n\t\t\t\t<div class=\"elementor-element elementor-element-94b932d elementor-widget elementor-widget-text-editor\" data-id=\"94b932d\" data-element_type=\"widget\" data-e-type=\"widget\" data-widget_type=\"text-editor.default\">\n\t\t\t\t<div class=\"elementor-widget-container\">\n\t\t\t\t\t\t\t\t\t<p>The computers we use to handle data are protected by an aggressive firewall which is constantly being updated by a security team. Also, the phones our agents use for work are not used for personal stuff just to be extra careful. To emphasize, we also do not take lightly any allegations of our agents sending out other client&#8217;s information to different clients for any reason. Therefore, we can confidently assure you that your data is absolutely safe with us.<\/p>\t\t\t\t\t\t\t\t<\/div>\n\t\t\t\t<\/div>\n\t\t\t\t\t<\/div>\n\t\t<\/div>\n\t\t\t\t\t<\/div>\n\t\t<\/section>\n\t\t\t\t<section class=\"elementor-section elementor-top-section elementor-element elementor-element-5f9e77c elementor-section-boxed elementor-section-height-default elementor-section-height-default\" data-id=\"5f9e77c\" data-element_type=\"section\" data-e-type=\"section\">\n\t\t\t\t\t\t<div class=\"elementor-container elementor-column-gap-default\">\n\t\t\t\t\t<div class=\"elementor-column elementor-col-100 elementor-top-column elementor-element elementor-element-cd0d8df\" data-id=\"cd0d8df\" data-element_type=\"column\" data-e-type=\"column\">\n\t\t\t<div class=\"elementor-widget-wrap elementor-element-populated\">\n\t\t\t\t\t\t<div class=\"elementor-element elementor-element-ad0d8a7 elementor-widget elementor-widget-heading\" data-id=\"ad0d8a7\" data-element_type=\"widget\" data-e-type=\"widget\" data-widget_type=\"heading.default\">\n\t\t\t\t<div class=\"elementor-widget-container\">\n\t\t\t\t\t<h3 class=\"elementor-heading-title elementor-size-default\">Contact Us Here:<\/h3>\t\t\t\t<\/div>\n\t\t\t\t<\/div>\n\t\t\t\t<div class=\"elementor-element elementor-element-d0c8816 elementor-widget elementor-widget-wpforms\" data-id=\"d0c8816\" data-element_type=\"widget\" data-e-type=\"widget\" data-widget_type=\"wpforms.default\">\n\t\t\t\t<div class=\"elementor-widget-container\">\n\t\t\t\t\t<div class=\"wpforms-container wpforms-container-full\" id=\"wpforms-11\"><form id=\"wpforms-form-11\" class=\"wpforms-validate wpforms-form wpforms-ajax-form\" data-formid=\"11\" method=\"post\" enctype=\"multipart\/form-data\" action=\"\/nb\/wp-json\/wp\/v2\/pages\/268\" data-token=\"f86636fde9907195f9eacc338bd6265e\"><noscript class=\"wpforms-error-noscript\">Please enable JavaScript in your browser to complete this form.<\/noscript><div class=\"wpforms-field-container\"><div id=\"wpforms-11-field_0-container\" class=\"wpforms-field wpforms-field-name\" data-field-id=\"0\"><label class=\"wpforms-field-label\" for=\"wpforms-11-field_0\">Name <span class=\"wpforms-required-label\">*<\/span><\/label><input type=\"text\" id=\"wpforms-11-field_0\" class=\"wpforms-field-medium wpforms-field-required\" name=\"wpforms[fields][0]\" required><\/div><div id=\"wpforms-11-field_1-container\" class=\"wpforms-field wpforms-field-email\" data-field-id=\"1\"><label class=\"wpforms-field-label\" for=\"wpforms-11-field_1\">Email <span class=\"wpforms-required-label\">*<\/span><\/label><input type=\"email\" id=\"wpforms-11-field_1\" class=\"wpforms-field-medium wpforms-field-required\" name=\"wpforms[fields][1]\" required><\/div><div id=\"wpforms-11-field_3-container\" class=\"wpforms-field wpforms-field-phone\" data-field-id=\"3\"><label class=\"wpforms-field-label\" for=\"wpforms-11-field_3\">WhatsApp Number<\/label><input type=\"tel\" id=\"wpforms-11-field_3\" class=\"wpforms-field-medium wpforms-smart-phone-field\" data-rule-smart-phone-field=\"true\" name=\"wpforms[fields][3]\" ><\/div><div id=\"wpforms-11-field_2-container\" class=\"wpforms-field wpforms-field-textarea\" data-field-id=\"2\"><label class=\"wpforms-field-label\" for=\"wpforms-11-field_2\">Comment or Message<\/label><textarea id=\"wpforms-11-field_2\" class=\"wpforms-field-medium\" name=\"wpforms[fields][2]\" ><\/textarea><\/div><\/div><div class=\"wpforms-recaptcha-container wpforms-is-recaptcha\"><div class=\"g-recaptcha\" data-sitekey=\"6Ld79pMpAAAAAB3xA6qar-OXDer4c4MhglWPP4xY\"><\/div><input type=\"text\" name=\"g-recaptcha-hidden\" class=\"wpforms-recaptcha-hidden\" style=\"position:absolute!important;clip:rect(0,0,0,0)!important;height:1px!important;width:1px!important;border:0!important;overflow:hidden!important;padding:0!important;margin:0!important;\" required><\/div><div class=\"wpforms-submit-container\"><input type=\"hidden\" name=\"wpforms[id]\" value=\"11\"><input type=\"hidden\" name=\"wpforms[author]\" value=\"1\"><button type=\"submit\" name=\"wpforms[submit]\" id=\"wpforms-submit-11\" class=\"wpforms-submit\" data-alt-text=\"Sending...\" data-submit-text=\"Submit\" aria-live=\"assertive\" value=\"wpforms-submit\">Submit<\/button><img decoding=\"async\" src=\"https:\/\/buyauthenticdocument.com\/wp-content\/plugins\/wpforms\/assets\/images\/submit-spin.svg\" class=\"wpforms-submit-spinner\" style=\"display: none;\" width=\"26\" height=\"26\" alt=\"Loading\"><\/div><\/form><\/div>  <!-- .wpforms-container -->\t\t\t\t<\/div>\n\t\t\t\t<\/div>\n\t\t\t\t\t<\/div>\n\t\t<\/div>\n\t\t\t\t\t<\/div>\n\t\t<\/section>\n\t\t\t\t<\/div>\n\t\t","protected":false},"excerpt":{"rendered":"<p>Our Privacy Policy: In this line of business, having to manufacture documents for many clients from different countries, we happen to be dealing with so much personal data. In the first place, we know that while we help a lot of people with this business, we need to make it sustainable\u00a0 and the first step is to keep both our data and that of our clients private. Therefore, we are dedicated to keeping this data private which is why we do not shear the data of other clients with different clients. Secondly, we restrict that you only provide the necessary information to our agents. Also, it is easy to know what information is necessary for your documents. To know what documents you need, you can visit the &#8220;how to order&#8221; page. Then go to the specific document you want to order and checkout the application form. How Long We Keep [&hellip;]<\/p>\n","protected":false},"author":1,"featured_media":269,"parent":0,"menu_order":0,"comment_status":"closed","ping_status":"closed","template":"","meta":{"footnotes":""},"class_list":["post-268","page","type-page","status-publish","has-post-thumbnail","hentry"],"yoast_head":"<!-- This site is optimized with the Yoast SEO Premium plugin v22.6 (Yoast SEO v27.2) - https:\/\/yoast.com\/product\/yoast-seo-premium-wordpress\/ -->\n<title>Our Privacy Policy | Buy Authentic Documents<\/title>\n<meta name=\"description\" content=\"Visit our &#039;Privacy Policy&#039; page to understand how we collect, use and protect your personal information in accordance with prevailing laws.\" \/>\n<meta name=\"robots\" content=\"index, follow, max-snippet:-1, max-image-preview:large, max-video-preview:-1\" \/>\n<link rel=\"canonical\" href=\"https:\/\/buyauthenticdocument.com\/nb\/var-personvernpolicy\/\" \/>\n<meta property=\"og:locale\" content=\"nb_NO\" \/>\n<meta property=\"og:type\" content=\"article\" \/>\n<meta property=\"og:title\" content=\"Our Privacy Policy\" \/>\n<meta property=\"og:description\" content=\"Visit our &#039;Privacy Policy&#039; page to understand how we collect, use and protect your personal information in accordance with prevailing laws.\" \/>\n<meta property=\"og:url\" content=\"https:\/\/buyauthenticdocument.com\/nb\/var-personvernpolicy\/\" \/>\n<meta property=\"og:site_name\" content=\"Buy Authentic Documents\" \/>\n<meta property=\"article:modified_time\" content=\"2023-09-25T14:45:15+00:00\" \/>\n<meta property=\"og:image\" content=\"https:\/\/buyauthenticdocument.com\/wp-content\/uploads\/2023\/05\/Privacy-policy-buy-docuemnts-online.jpg\" \/>\n\t<meta property=\"og:image:width\" content=\"618\" \/>\n\t<meta property=\"og:image:height\" content=\"298\" \/>\n\t<meta property=\"og:image:type\" content=\"image\/jpeg\" \/>\n<meta name=\"twitter:card\" content=\"summary_large_image\" \/>\n<meta name=\"twitter:label1\" content=\"Ansl. lesetid\" \/>\n\t<meta name=\"twitter:data1\" content=\"2 minutter\" \/>\n<script type=\"application\/ld+json\" class=\"yoast-schema-graph\">{\"@context\":\"https:\/\/schema.org\",\"@graph\":[{\"@type\":\"WebPage\",\"@id\":\"https:\/\/buyauthenticdocument.com\/our-privacy-policy\/\",\"url\":\"https:\/\/buyauthenticdocument.com\/our-privacy-policy\/\",\"name\":\"Our Privacy Policy | Buy Authentic Documents\",\"isPartOf\":{\"@id\":\"https:\/\/buyauthenticdocument.com\/#website\"},\"primaryImageOfPage\":{\"@id\":\"https:\/\/buyauthenticdocument.com\/our-privacy-policy\/#primaryimage\"},\"image\":{\"@id\":\"https:\/\/buyauthenticdocument.com\/our-privacy-policy\/#primaryimage\"},\"thumbnailUrl\":\"https:\/\/buyauthenticdocument.com\/wp-content\/uploads\/2023\/05\/Privacy-policy-buy-docuemnts-online.jpg\",\"datePublished\":\"2023-05-09T01:50:31+00:00\",\"dateModified\":\"2023-09-25T14:45:15+00:00\",\"description\":\"Visit our 'Privacy Policy' page to understand how we collect, use and protect your personal information in accordance with prevailing laws.\",\"breadcrumb\":{\"@id\":\"https:\/\/buyauthenticdocument.com\/our-privacy-policy\/#breadcrumb\"},\"inLanguage\":\"nb-NO\",\"potentialAction\":[{\"@type\":\"ReadAction\",\"target\":[\"https:\/\/buyauthenticdocument.com\/our-privacy-policy\/\"]}]},{\"@type\":\"ImageObject\",\"inLanguage\":\"nb-NO\",\"@id\":\"https:\/\/buyauthenticdocument.com\/our-privacy-policy\/#primaryimage\",\"url\":\"https:\/\/buyauthenticdocument.com\/wp-content\/uploads\/2023\/05\/Privacy-policy-buy-docuemnts-online.jpg\",\"contentUrl\":\"https:\/\/buyauthenticdocument.com\/wp-content\/uploads\/2023\/05\/Privacy-policy-buy-docuemnts-online.jpg\",\"width\":618,\"height\":298,\"caption\":\"Buy Authentic Documents privacy policy\"},{\"@type\":\"BreadcrumbList\",\"@id\":\"https:\/\/buyauthenticdocument.com\/our-privacy-policy\/#breadcrumb\",\"itemListElement\":[{\"@type\":\"ListItem\",\"position\":1,\"name\":\"Home\",\"item\":\"https:\/\/buyauthenticdocument.com\/\"},{\"@type\":\"ListItem\",\"position\":2,\"name\":\"Our Privacy Policy\"}]},{\"@type\":\"WebSite\",\"@id\":\"https:\/\/buyauthenticdocument.com\/#website\",\"url\":\"https:\/\/buyauthenticdocument.com\/\",\"name\":\"Buy Authentic Documents\",\"description\":\"Buy Registered documents Online\",\"potentialAction\":[{\"@type\":\"SearchAction\",\"target\":{\"@type\":\"EntryPoint\",\"urlTemplate\":\"https:\/\/buyauthenticdocument.com\/?s={search_term_string}\"},\"query-input\":{\"@type\":\"PropertyValueSpecification\",\"valueRequired\":true,\"valueName\":\"search_term_string\"}}],\"inLanguage\":\"nb-NO\"}]}<\/script>\n<!-- \/ Yoast SEO Premium plugin. -->","yoast_head_json":{"title":"V\u00e5re retningslinjer for personvern | Kj\u00f8p autentiske dokumenter","description":"Bes\u00f8k siden v\u00e5r &quot;Personvernerkl\u00e6ring&quot; for \u00e5 forst\u00e5 hvordan vi samler inn, bruker og beskytter din personlige informasjon i samsvar med gjeldende lover.","robots":{"index":"index","follow":"follow","max-snippet":"max-snippet:-1","max-image-preview":"max-image-preview:large","max-video-preview":"max-video-preview:-1"},"canonical":"https:\/\/buyauthenticdocument.com\/nb\/var-personvernpolicy\/","og_locale":"nb_NO","og_type":"article","og_title":"Our Privacy Policy","og_description":"Visit our 'Privacy Policy' page to understand how we collect, use and protect your personal information in accordance with prevailing laws.","og_url":"https:\/\/buyauthenticdocument.com\/nb\/var-personvernpolicy\/","og_site_name":"Buy Authentic Documents","article_modified_time":"2023-09-25T14:45:15+00:00","og_image":[{"width":618,"height":298,"url":"https:\/\/buyauthenticdocument.com\/wp-content\/uploads\/2023\/05\/Privacy-policy-buy-docuemnts-online.jpg","type":"image\/jpeg"}],"twitter_card":"summary_large_image","twitter_misc":{"Ansl. lesetid":"2 minutter"},"schema":{"@context":"https:\/\/schema.org","@graph":[{"@type":"WebPage","@id":"https:\/\/buyauthenticdocument.com\/our-privacy-policy\/","url":"https:\/\/buyauthenticdocument.com\/our-privacy-policy\/","name":"V\u00e5re retningslinjer for personvern | Kj\u00f8p autentiske dokumenter","isPartOf":{"@id":"https:\/\/buyauthenticdocument.com\/#website"},"primaryImageOfPage":{"@id":"https:\/\/buyauthenticdocument.com\/our-privacy-policy\/#primaryimage"},"image":{"@id":"https:\/\/buyauthenticdocument.com\/our-privacy-policy\/#primaryimage"},"thumbnailUrl":"https:\/\/buyauthenticdocument.com\/wp-content\/uploads\/2023\/05\/Privacy-policy-buy-docuemnts-online.jpg","datePublished":"2023-05-09T01:50:31+00:00","dateModified":"2023-09-25T14:45:15+00:00","description":"Bes\u00f8k siden v\u00e5r &quot;Personvernerkl\u00e6ring&quot; for \u00e5 forst\u00e5 hvordan vi samler inn, bruker og beskytter din personlige informasjon i samsvar med gjeldende lover.","breadcrumb":{"@id":"https:\/\/buyauthenticdocument.com\/our-privacy-policy\/#breadcrumb"},"inLanguage":"nb-NO","potentialAction":[{"@type":"ReadAction","target":["https:\/\/buyauthenticdocument.com\/our-privacy-policy\/"]}]},{"@type":"ImageObject","inLanguage":"nb-NO","@id":"https:\/\/buyauthenticdocument.com\/our-privacy-policy\/#primaryimage","url":"https:\/\/buyauthenticdocument.com\/wp-content\/uploads\/2023\/05\/Privacy-policy-buy-docuemnts-online.jpg","contentUrl":"https:\/\/buyauthenticdocument.com\/wp-content\/uploads\/2023\/05\/Privacy-policy-buy-docuemnts-online.jpg","width":618,"height":298,"caption":"Buy Authentic Documents privacy policy"},{"@type":"BreadcrumbList","@id":"https:\/\/buyauthenticdocument.com\/our-privacy-policy\/#breadcrumb","itemListElement":[{"@type":"ListItem","position":1,"name":"Home","item":"https:\/\/buyauthenticdocument.com\/"},{"@type":"ListItem","position":2,"name":"Our Privacy Policy"}]},{"@type":"WebSite","@id":"https:\/\/buyauthenticdocument.com\/#website","url":"https:\/\/buyauthenticdocument.com\/","name":"Kj\u00f8p autentiske dokumenter","description":"Kj\u00f8p registrerte dokumenter p\u00e5 nett","potentialAction":[{"@type":"SearchAction","target":{"@type":"EntryPoint","urlTemplate":"https:\/\/buyauthenticdocument.com\/?s={search_term_string}"},"query-input":{"@type":"PropertyValueSpecification","valueRequired":true,"valueName":"search_term_string"}}],"inLanguage":"nb-NO"}]}},"_links":{"self":[{"href":"https:\/\/buyauthenticdocument.com\/nb\/wp-json\/wp\/v2\/pages\/268","targetHints":{"allow":["GET"]}}],"collection":[{"href":"https:\/\/buyauthenticdocument.com\/nb\/wp-json\/wp\/v2\/pages"}],"about":[{"href":"https:\/\/buyauthenticdocument.com\/nb\/wp-json\/wp\/v2\/types\/page"}],"author":[{"embeddable":true,"href":"https:\/\/buyauthenticdocument.com\/nb\/wp-json\/wp\/v2\/users\/1"}],"replies":[{"embeddable":true,"href":"https:\/\/buyauthenticdocument.com\/nb\/wp-json\/wp\/v2\/comments?post=268"}],"version-history":[{"count":17,"href":"https:\/\/buyauthenticdocument.com\/nb\/wp-json\/wp\/v2\/pages\/268\/revisions"}],"predecessor-version":[{"id":2524,"href":"https:\/\/buyauthenticdocument.com\/nb\/wp-json\/wp\/v2\/pages\/268\/revisions\/2524"}],"wp:featuredmedia":[{"embeddable":true,"href":"https:\/\/buyauthenticdocument.com\/nb\/wp-json\/wp\/v2\/media\/269"}],"wp:attachment":[{"href":"https:\/\/buyauthenticdocument.com\/nb\/wp-json\/wp\/v2\/media?parent=268"}],"curies":[{"name":"wp","href":"https:\/\/api.w.org\/{rel}","templated":true}]}}