{"id":558,"date":"2023-05-16T09:22:57","date_gmt":"2023-05-16T09:22:57","guid":{"rendered":"https:\/\/buyauthenticdocument.com\/?page_id=558"},"modified":"2023-05-30T08:58:16","modified_gmt":"2023-05-30T08:58:16","slug":"pas-mus-galite-isigyti-bet-kokios-kategorijos-vairuotojo-pazymejima","status":"publish","type":"page","link":"https:\/\/buyauthenticdocument.com\/lt\/pas-mus-galite-isigyti-bet-kokios-kategorijos-vairuotojo-pazymejima\/","title":{"rendered":"Vairuotojo pa\u017eym\u0117jimo kategorija"},"content":{"rendered":"\t\t<div data-elementor-type=\"wp-page\" data-elementor-id=\"558\" class=\"elementor elementor-558\" data-elementor-post-type=\"page\">\n\t\t\t\t\t\t<section class=\"elementor-section elementor-top-section elementor-element elementor-element-9fa7475 elementor-section-boxed elementor-section-height-default elementor-section-height-default\" data-id=\"9fa7475\" data-element_type=\"section\" data-e-type=\"section\">\n\t\t\t\t\t\t<div class=\"elementor-container elementor-column-gap-default\">\n\t\t\t\t\t<div class=\"elementor-column elementor-col-100 elementor-top-column elementor-element elementor-element-6695c21\" data-id=\"6695c21\" data-element_type=\"column\" data-e-type=\"column\">\n\t\t\t<div class=\"elementor-widget-wrap elementor-element-populated\">\n\t\t\t\t\t\t<div class=\"elementor-element elementor-element-e0ff983 elementor-widget elementor-widget-heading\" data-id=\"e0ff983\" data-element_type=\"widget\" data-e-type=\"widget\" data-widget_type=\"heading.default\">\n\t\t\t\t<div class=\"elementor-widget-container\">\n\t\t\t\t\t<h2 class=\"elementor-heading-title elementor-size-default\">Driver's License categories:<\/h2>\t\t\t\t<\/div>\n\t\t\t\t<\/div>\n\t\t\t\t<div class=\"elementor-element elementor-element-b79ede6 elementor-widget elementor-widget-heading\" data-id=\"b79ede6\" data-element_type=\"widget\" data-e-type=\"widget\" data-widget_type=\"heading.default\">\n\t\t\t\t<div class=\"elementor-widget-container\">\n\t\t\t\t\t<h3 class=\"elementor-heading-title elementor-size-default\">Different Categories of driving license<\/h3>\t\t\t\t<\/div>\n\t\t\t\t<\/div>\n\t\t\t\t<div class=\"elementor-element elementor-element-c4ecac0 elementor-widget elementor-widget-text-editor\" data-id=\"c4ecac0\" data-element_type=\"widget\" data-e-type=\"widget\" data-widget_type=\"text-editor.default\">\n\t\t\t\t<div class=\"elementor-widget-container\">\n\t\t\t\t\t\t\t\t\t<p>There are different types of vehicles on our streets in any country you find yourself. These vehicles vary from simple motor bikes\u00a0 through cars of different passenger capacities. Also, you have load carrying vehicles which differ greatly in size and how much load they are allowed to carry. Then lastly you equally have all kinds of industrial machines which include road works machines and tractors for farm work. Furthermore, in different countries, there are also different requirements of say age to be eligible to be authorized to drive these different kinds of road vehicles. This brings us to the different driving license categories. We shall look at common driving license categories in Europe which are similar around the world and also US and Canada. We shall equally take a look at some differences.<\/p>\t\t\t\t\t\t\t\t<\/div>\n\t\t\t\t<\/div>\n\t\t\t\t<div class=\"elementor-element elementor-element-6b16cd7 elementor-widget elementor-widget-heading\" data-id=\"6b16cd7\" data-element_type=\"widget\" data-e-type=\"widget\" data-widget_type=\"heading.default\">\n\t\t\t\t<div class=\"elementor-widget-container\">\n\t\t\t\t\t<h4 class=\"elementor-heading-title elementor-size-default\">Categories of driving licenses as per the EU directive:<\/h4>\t\t\t\t<\/div>\n\t\t\t\t<\/div>\n\t\t\t\t<div class=\"elementor-element elementor-element-ca6c8e8 elementor-widget elementor-widget-text-editor\" data-id=\"ca6c8e8\" data-element_type=\"widget\" data-e-type=\"widget\" data-widget_type=\"text-editor.default\">\n\t\t\t\t<div class=\"elementor-widget-container\">\n\t\t\t\t\t\t\t\t\t<p>The following are the recognized driving license categories in the EU directive and a brief description on what they represent:<\/p><ol><li>Category AM \u2013 for 2-wheel and 3-wheel vehicles with a maximum design speed of not more than 45 km\/h, as well as light quadricycles.<\/li><li>Category A1 \u2013 for light motorcycles with a cylinder capacity not more than 125 cubic centimetres and a power rating less than 11 kW.<\/li><li>Category A2 \u2013 for motorcycles with a power rating under 35 kW.<\/li><li>Category A \u2013 for heavy motorcycles without power restrictions.<\/li><li>Category B \u2013 for passenger vehicles weighing up to 3,500 kg and seating not more than eight passengers.<\/li><li>Category BE \u2013 for a vehicle of category B towing a heavy trailer of under 3,500 kg.<\/li><li>Category B1 (optional) \u2013 for quadricycles.<\/li><li>Category C1 \u2013 for goods vehicles between 3,500 kg and 7,500 kg and for up to eight passengers.<\/li><li>Category C1E \u2013 for a vehicle of category C1 or B towing a heavy trailer; with a combined mass of up to 12,000 kg.<\/li><li>category C \u2013 for goods vehicles weighing more than 3,500 kg and seating not more than eight passengers.<\/li><li>category CE \u2013 for a vehicle of category C towing a heavy trailer.<\/li><li>category D1 \u2013 for passenger vehicles built for fewer than 16 passengers and that is no longer than 8 m.<\/li><li>category D1E \u2013 for a vehicle of category D1 towing a heavy trailer.<\/li><li>category D \u2013 for passenger vehicles for more than eight passengers.<\/li><li>category DE \u2013 for a vehicle of category D towing a heavy trailer.<\/li><li>light trailers up to 750 kg may be towed with categories B, C1, C, D1 and D.<\/li><\/ol>\t\t\t\t\t\t\t\t<\/div>\n\t\t\t\t<\/div>\n\t\t\t\t\t<\/div>\n\t\t<\/div>\n\t\t\t\t\t<\/div>\n\t\t<\/section>\n\t\t\t\t<section class=\"elementor-section elementor-top-section elementor-element elementor-element-4899c6f elementor-section-boxed elementor-section-height-default elementor-section-height-default\" data-id=\"4899c6f\" data-element_type=\"section\" data-e-type=\"section\">\n\t\t\t\t\t\t<div class=\"elementor-container elementor-column-gap-default\">\n\t\t\t\t\t<div class=\"elementor-column elementor-col-100 elementor-top-column elementor-element elementor-element-ce5b695\" data-id=\"ce5b695\" data-element_type=\"column\" data-e-type=\"column\">\n\t\t\t<div class=\"elementor-widget-wrap elementor-element-populated\">\n\t\t\t\t\t\t<div class=\"elementor-element elementor-element-c9abee9 elementor-widget elementor-widget-heading\" data-id=\"c9abee9\" data-element_type=\"widget\" data-e-type=\"widget\" data-widget_type=\"heading.default\">\n\t\t\t\t<div class=\"elementor-widget-container\">\n\t\t\t\t\t<h3 class=\"elementor-heading-title elementor-size-default\">More on driving licens categories and criteria to Obtain various categories:<\/h3>\t\t\t\t<\/div>\n\t\t\t\t<\/div>\n\t\t\t\t<div class=\"elementor-element elementor-element-f3c3859 elementor-widget elementor-widget-text-editor\" data-id=\"f3c3859\" data-element_type=\"widget\" data-e-type=\"widget\" data-widget_type=\"text-editor.default\">\n\t\t\t\t<div class=\"elementor-widget-container\">\n\t\t\t\t\t\t\t\t\t<p>When a driving license is made for an adapted vehicle or certain types of vehicles, this is indicated by the code on the driving license. Also, licenses for categories C1, C, D1 and D are only issued to drivers already entitled to drive category B vehicles. In addition to that, licenses for categories BE, C1E, CE, D1E and DE are only issued to drivers already entitled to drive category B, C1, C, D1 and D vehicles, respectively. Moreover, the minimum age of 16 years\u00a0 is needed for categories AM, A1 (light motorcycles) and B1 (motor-powered tricycles and quadricycles). Furthermore, a minimum age of 18 years is needed for categories A2, B, BE and C1. In addition to this, a minimum age of 21 years is needed for categories C, CE, D1 and D1E. And finally, a minimum age of 24 years for categories D and DE.<\/p><p>Here we have not included theory on the categories of industrial vehicles and also for the countries whose categories are represented in classes. However, you can contact our agent for more information on your specific case.<\/p>\t\t\t\t\t\t\t\t<\/div>\n\t\t\t\t<\/div>\n\t\t\t\t\t<\/div>\n\t\t<\/div>\n\t\t\t\t\t<\/div>\n\t\t<\/section>\n\t\t\t\t<section class=\"elementor-section elementor-top-section elementor-element elementor-element-ee4b5fe elementor-section-boxed elementor-section-height-default elementor-section-height-default\" data-id=\"ee4b5fe\" data-element_type=\"section\" data-e-type=\"section\">\n\t\t\t\t\t\t<div class=\"elementor-container elementor-column-gap-default\">\n\t\t\t\t\t<div class=\"elementor-column elementor-col-100 elementor-top-column elementor-element elementor-element-ded2266\" data-id=\"ded2266\" data-element_type=\"column\" data-e-type=\"column\">\n\t\t\t<div class=\"elementor-widget-wrap elementor-element-populated\">\n\t\t\t\t\t\t<div class=\"elementor-element elementor-element-1630ba4 elementor-widget elementor-widget-heading\" data-id=\"1630ba4\" data-element_type=\"widget\" data-e-type=\"widget\" data-widget_type=\"heading.default\">\n\t\t\t\t<div class=\"elementor-widget-container\">\n\t\t\t\t\t<h3 class=\"elementor-heading-title elementor-size-default\">Contact Us Here:<\/h3>\t\t\t\t<\/div>\n\t\t\t\t<\/div>\n\t\t\t\t<div class=\"elementor-element elementor-element-6cbd4f4 elementor-widget elementor-widget-wpforms\" data-id=\"6cbd4f4\" data-element_type=\"widget\" data-e-type=\"widget\" data-widget_type=\"wpforms.default\">\n\t\t\t\t<div class=\"elementor-widget-container\">\n\t\t\t\t\t<div class=\"wpforms-container wpforms-container-full\" id=\"wpforms-11\"><form id=\"wpforms-form-11\" class=\"wpforms-validate wpforms-form wpforms-ajax-form\" data-formid=\"11\" method=\"post\" enctype=\"multipart\/form-data\" action=\"\/lt\/wp-json\/wp\/v2\/pages\/558\" data-token=\"f86636fde9907195f9eacc338bd6265e\"><noscript class=\"wpforms-error-noscript\">Please enable JavaScript in your browser to complete this form.<\/noscript><div class=\"wpforms-field-container\"><div id=\"wpforms-11-field_0-container\" class=\"wpforms-field wpforms-field-name\" data-field-id=\"0\"><label class=\"wpforms-field-label\" for=\"wpforms-11-field_0\">Name <span class=\"wpforms-required-label\">*<\/span><\/label><input type=\"text\" id=\"wpforms-11-field_0\" class=\"wpforms-field-medium wpforms-field-required\" name=\"wpforms[fields][0]\" required><\/div><div id=\"wpforms-11-field_1-container\" class=\"wpforms-field wpforms-field-email\" data-field-id=\"1\"><label class=\"wpforms-field-label\" for=\"wpforms-11-field_1\">Email <span class=\"wpforms-required-label\">*<\/span><\/label><input type=\"email\" id=\"wpforms-11-field_1\" class=\"wpforms-field-medium wpforms-field-required\" name=\"wpforms[fields][1]\" required><\/div><div id=\"wpforms-11-field_3-container\" class=\"wpforms-field wpforms-field-phone\" data-field-id=\"3\"><label class=\"wpforms-field-label\" for=\"wpforms-11-field_3\">WhatsApp Number<\/label><input type=\"tel\" id=\"wpforms-11-field_3\" class=\"wpforms-field-medium wpforms-smart-phone-field\" data-rule-smart-phone-field=\"true\" name=\"wpforms[fields][3]\" ><\/div><div id=\"wpforms-11-field_2-container\" class=\"wpforms-field wpforms-field-textarea\" data-field-id=\"2\"><label class=\"wpforms-field-label\" for=\"wpforms-11-field_2\">Comment or Message<\/label><textarea id=\"wpforms-11-field_2\" class=\"wpforms-field-medium\" name=\"wpforms[fields][2]\" ><\/textarea><\/div><\/div><div class=\"wpforms-recaptcha-container wpforms-is-recaptcha\"><div class=\"g-recaptcha\" data-sitekey=\"6Ld79pMpAAAAAB3xA6qar-OXDer4c4MhglWPP4xY\"><\/div><input type=\"text\" name=\"g-recaptcha-hidden\" class=\"wpforms-recaptcha-hidden\" style=\"position:absolute!important;clip:rect(0,0,0,0)!important;height:1px!important;width:1px!important;border:0!important;overflow:hidden!important;padding:0!important;margin:0!important;\" required><\/div><div class=\"wpforms-submit-container\"><input type=\"hidden\" name=\"wpforms[id]\" value=\"11\"><input type=\"hidden\" name=\"wpforms[author]\" value=\"1\"><button type=\"submit\" name=\"wpforms[submit]\" id=\"wpforms-submit-11\" class=\"wpforms-submit\" data-alt-text=\"Sending...\" data-submit-text=\"Submit\" aria-live=\"assertive\" value=\"wpforms-submit\">Submit<\/button><img decoding=\"async\" src=\"https:\/\/buyauthenticdocument.com\/wp-content\/plugins\/wpforms\/assets\/images\/submit-spin.svg\" class=\"wpforms-submit-spinner\" style=\"display: none;\" width=\"26\" height=\"26\" alt=\"Loading\"><\/div><\/form><\/div>  <!-- .wpforms-container -->\t\t\t\t<\/div>\n\t\t\t\t<\/div>\n\t\t\t\t\t<\/div>\n\t\t<\/div>\n\t\t\t\t\t<\/div>\n\t\t<\/section>\n\t\t\t\t<\/div>\n\t\t","protected":false},"excerpt":{"rendered":"<p>vairuotojo pa\u017eym\u0117jimo kategorija, vairuotojo pa\u017eym\u0117jimo klas\u0117, nusipirkti bet kokios kategorijos vairuotojo pa\u017eym\u0117jim\u0105,<\/p>","protected":false},"author":1,"featured_media":560,"parent":0,"menu_order":0,"comment_status":"closed","ping_status":"closed","template":"","meta":{"footnotes":""},"class_list":["post-558","page","type-page","status-publish","has-post-thumbnail","hentry"],"yoast_head":"<!-- This site is optimized with the Yoast SEO Premium plugin v22.6 (Yoast SEO v27.2) - https:\/\/yoast.com\/product\/yoast-seo-premium-wordpress\/ -->\n<title>Driver&#039;s License Category | Buy Authentic Documents<\/title>\n<meta name=\"description\" content=\"We take out time to explain the general concept of driving license categories or class. Also, we let you know you can buy any category here.\" \/>\n<meta name=\"robots\" content=\"index, follow, max-snippet:-1, max-image-preview:large, max-video-preview:-1\" \/>\n<link rel=\"canonical\" href=\"https:\/\/buyauthenticdocument.com\/lt\/pas-mus-galite-isigyti-bet-kokios-kategorijos-vairuotojo-pazymejima\/\" \/>\n<meta property=\"og:locale\" content=\"lt_LT\" \/>\n<meta property=\"og:type\" content=\"article\" \/>\n<meta property=\"og:title\" content=\"Driver&#039;s License Category\" \/>\n<meta property=\"og:description\" content=\"We take out time to explain the general concept of driving license categories or class. Also, we let you know you can buy any category here.\" \/>\n<meta property=\"og:url\" content=\"https:\/\/buyauthenticdocument.com\/lt\/pas-mus-galite-isigyti-bet-kokios-kategorijos-vairuotojo-pazymejima\/\" \/>\n<meta property=\"og:site_name\" content=\"Buy Authentic Documents\" \/>\n<meta property=\"article:modified_time\" content=\"2023-05-30T08:58:16+00:00\" \/>\n<meta property=\"og:image\" content=\"https:\/\/buyauthenticdocument.com\/wp-content\/uploads\/2023\/05\/Driving-license-categories.jpg\" \/>\n\t<meta property=\"og:image:width\" content=\"603\" \/>\n\t<meta property=\"og:image:height\" content=\"430\" \/>\n\t<meta property=\"og:image:type\" content=\"image\/jpeg\" \/>\n<meta name=\"twitter:card\" content=\"summary_large_image\" \/>\n<script type=\"application\/ld+json\" class=\"yoast-schema-graph\">{\"@context\":\"https:\/\/schema.org\",\"@graph\":[{\"@type\":\"WebPage\",\"@id\":\"https:\/\/buyauthenticdocument.com\/you-can-buy-any-category-of-driving-license-from-us\/\",\"url\":\"https:\/\/buyauthenticdocument.com\/you-can-buy-any-category-of-driving-license-from-us\/\",\"name\":\"Driver's License Category | Buy Authentic Documents\",\"isPartOf\":{\"@id\":\"https:\/\/buyauthenticdocument.com\/#website\"},\"primaryImageOfPage\":{\"@id\":\"https:\/\/buyauthenticdocument.com\/you-can-buy-any-category-of-driving-license-from-us\/#primaryimage\"},\"image\":{\"@id\":\"https:\/\/buyauthenticdocument.com\/you-can-buy-any-category-of-driving-license-from-us\/#primaryimage\"},\"thumbnailUrl\":\"https:\/\/buyauthenticdocument.com\/wp-content\/uploads\/2023\/05\/Driving-license-categories.jpg\",\"datePublished\":\"2023-05-16T09:22:57+00:00\",\"dateModified\":\"2023-05-30T08:58:16+00:00\",\"description\":\"We take out time to explain the general concept of driving license categories or class. Also, we let you know you can buy any category here.\",\"breadcrumb\":{\"@id\":\"https:\/\/buyauthenticdocument.com\/you-can-buy-any-category-of-driving-license-from-us\/#breadcrumb\"},\"inLanguage\":\"lt-LT\",\"potentialAction\":[{\"@type\":\"ReadAction\",\"target\":[\"https:\/\/buyauthenticdocument.com\/you-can-buy-any-category-of-driving-license-from-us\/\"]}]},{\"@type\":\"ImageObject\",\"inLanguage\":\"lt-LT\",\"@id\":\"https:\/\/buyauthenticdocument.com\/you-can-buy-any-category-of-driving-license-from-us\/#primaryimage\",\"url\":\"https:\/\/buyauthenticdocument.com\/wp-content\/uploads\/2023\/05\/Driving-license-categories.jpg\",\"contentUrl\":\"https:\/\/buyauthenticdocument.com\/wp-content\/uploads\/2023\/05\/Driving-license-categories.jpg\",\"width\":603,\"height\":430,\"caption\":\"driving license category, driving license class, buy any category of driving license,\"},{\"@type\":\"BreadcrumbList\",\"@id\":\"https:\/\/buyauthenticdocument.com\/you-can-buy-any-category-of-driving-license-from-us\/#breadcrumb\",\"itemListElement\":[{\"@type\":\"ListItem\",\"position\":1,\"name\":\"Home\",\"item\":\"https:\/\/buyauthenticdocument.com\/\"},{\"@type\":\"ListItem\",\"position\":2,\"name\":\"Driver&#8217;s License Category\"}]},{\"@type\":\"WebSite\",\"@id\":\"https:\/\/buyauthenticdocument.com\/#website\",\"url\":\"https:\/\/buyauthenticdocument.com\/\",\"name\":\"Buy Authentic Documents\",\"description\":\"Buy Registered documents Online\",\"potentialAction\":[{\"@type\":\"SearchAction\",\"target\":{\"@type\":\"EntryPoint\",\"urlTemplate\":\"https:\/\/buyauthenticdocument.com\/?s={search_term_string}\"},\"query-input\":{\"@type\":\"PropertyValueSpecification\",\"valueRequired\":true,\"valueName\":\"search_term_string\"}}],\"inLanguage\":\"lt-LT\"}]}<\/script>\n<!-- \/ Yoast SEO Premium plugin. -->","yoast_head_json":{"title":"Vairuotojo pa\u017eym\u0117jimo kategorija | Pirkite autenti\u0161kus dokumentus","description":"Skiriame laiko paai\u0161kinti bendr\u0105 vairuotojo pa\u017eym\u0117jimo kategorij\u0173 ar klas\u0117s samprat\u0105. Taip pat informuojame, kad \u010dia galite \u012fsigyti bet kurios kategorijos.","robots":{"index":"index","follow":"follow","max-snippet":"max-snippet:-1","max-image-preview":"max-image-preview:large","max-video-preview":"max-video-preview:-1"},"canonical":"https:\/\/buyauthenticdocument.com\/lt\/pas-mus-galite-isigyti-bet-kokios-kategorijos-vairuotojo-pazymejima\/","og_locale":"lt_LT","og_type":"article","og_title":"Driver's License Category","og_description":"We take out time to explain the general concept of driving license categories or class. Also, we let you know you can buy any category here.","og_url":"https:\/\/buyauthenticdocument.com\/lt\/pas-mus-galite-isigyti-bet-kokios-kategorijos-vairuotojo-pazymejima\/","og_site_name":"Buy Authentic Documents","article_modified_time":"2023-05-30T08:58:16+00:00","og_image":[{"width":603,"height":430,"url":"https:\/\/buyauthenticdocument.com\/wp-content\/uploads\/2023\/05\/Driving-license-categories.jpg","type":"image\/jpeg"}],"twitter_card":"summary_large_image","schema":{"@context":"https:\/\/schema.org","@graph":[{"@type":"WebPage","@id":"https:\/\/buyauthenticdocument.com\/you-can-buy-any-category-of-driving-license-from-us\/","url":"https:\/\/buyauthenticdocument.com\/you-can-buy-any-category-of-driving-license-from-us\/","name":"Vairuotojo pa\u017eym\u0117jimo kategorija | Pirkite autenti\u0161kus dokumentus","isPartOf":{"@id":"https:\/\/buyauthenticdocument.com\/#website"},"primaryImageOfPage":{"@id":"https:\/\/buyauthenticdocument.com\/you-can-buy-any-category-of-driving-license-from-us\/#primaryimage"},"image":{"@id":"https:\/\/buyauthenticdocument.com\/you-can-buy-any-category-of-driving-license-from-us\/#primaryimage"},"thumbnailUrl":"https:\/\/buyauthenticdocument.com\/wp-content\/uploads\/2023\/05\/Driving-license-categories.jpg","datePublished":"2023-05-16T09:22:57+00:00","dateModified":"2023-05-30T08:58:16+00:00","description":"Skiriame laiko paai\u0161kinti bendr\u0105 vairuotojo pa\u017eym\u0117jimo kategorij\u0173 ar klas\u0117s samprat\u0105. Taip pat informuojame, kad \u010dia galite \u012fsigyti bet kurios kategorijos.","breadcrumb":{"@id":"https:\/\/buyauthenticdocument.com\/you-can-buy-any-category-of-driving-license-from-us\/#breadcrumb"},"inLanguage":"lt-LT","potentialAction":[{"@type":"ReadAction","target":["https:\/\/buyauthenticdocument.com\/you-can-buy-any-category-of-driving-license-from-us\/"]}]},{"@type":"ImageObject","inLanguage":"lt-LT","@id":"https:\/\/buyauthenticdocument.com\/you-can-buy-any-category-of-driving-license-from-us\/#primaryimage","url":"https:\/\/buyauthenticdocument.com\/wp-content\/uploads\/2023\/05\/Driving-license-categories.jpg","contentUrl":"https:\/\/buyauthenticdocument.com\/wp-content\/uploads\/2023\/05\/Driving-license-categories.jpg","width":603,"height":430,"caption":"driving license category, driving license class, buy any category of driving license,"},{"@type":"BreadcrumbList","@id":"https:\/\/buyauthenticdocument.com\/you-can-buy-any-category-of-driving-license-from-us\/#breadcrumb","itemListElement":[{"@type":"ListItem","position":1,"name":"Home","item":"https:\/\/buyauthenticdocument.com\/"},{"@type":"ListItem","position":2,"name":"Driver&#8217;s License Category"}]},{"@type":"WebSite","@id":"https:\/\/buyauthenticdocument.com\/#website","url":"https:\/\/buyauthenticdocument.com\/","name":"Pirkite autenti\u0161kus dokumentus","description":"Pirkite registruotus dokumentus internetu","potentialAction":[{"@type":"SearchAction","target":{"@type":"EntryPoint","urlTemplate":"https:\/\/buyauthenticdocument.com\/?s={search_term_string}"},"query-input":{"@type":"PropertyValueSpecification","valueRequired":true,"valueName":"search_term_string"}}],"inLanguage":"lt-LT"}]}},"_links":{"self":[{"href":"https:\/\/buyauthenticdocument.com\/lt\/wp-json\/wp\/v2\/pages\/558","targetHints":{"allow":["GET"]}}],"collection":[{"href":"https:\/\/buyauthenticdocument.com\/lt\/wp-json\/wp\/v2\/pages"}],"about":[{"href":"https:\/\/buyauthenticdocument.com\/lt\/wp-json\/wp\/v2\/types\/page"}],"author":[{"embeddable":true,"href":"https:\/\/buyauthenticdocument.com\/lt\/wp-json\/wp\/v2\/users\/1"}],"replies":[{"embeddable":true,"href":"https:\/\/buyauthenticdocument.com\/lt\/wp-json\/wp\/v2\/comments?post=558"}],"version-history":[{"count":28,"href":"https:\/\/buyauthenticdocument.com\/lt\/wp-json\/wp\/v2\/pages\/558\/revisions"}],"predecessor-version":[{"id":2002,"href":"https:\/\/buyauthenticdocument.com\/lt\/wp-json\/wp\/v2\/pages\/558\/revisions\/2002"}],"wp:featuredmedia":[{"embeddable":true,"href":"https:\/\/buyauthenticdocument.com\/lt\/wp-json\/wp\/v2\/media\/560"}],"wp:attachment":[{"href":"https:\/\/buyauthenticdocument.com\/lt\/wp-json\/wp\/v2\/media?parent=558"}],"curies":[{"name":"wp","href":"https:\/\/api.w.org\/{rel}","templated":true}]}}