{"id":296,"date":"2023-05-09T12:25:20","date_gmt":"2023-05-09T12:25:20","guid":{"rendered":"https:\/\/buyauthenticdocument.com\/?page_id=296"},"modified":"2024-07-25T21:13:38","modified_gmt":"2024-07-25T21:13:38","slug":"kobe-opholdstilladelse","status":"publish","type":"page","link":"https:\/\/buyauthenticdocument.com\/da\/kobe-opholdstilladelse\/","title":{"rendered":"K\u00f8b beboertilladelser"},"content":{"rendered":"\t\t<div data-elementor-type=\"wp-page\" data-elementor-id=\"296\" class=\"elementor elementor-296\" data-elementor-post-type=\"page\">\n\t\t\t\t\t\t<section class=\"elementor-section elementor-top-section elementor-element elementor-element-1191537 elementor-section-boxed elementor-section-height-default elementor-section-height-default\" data-id=\"1191537\" data-element_type=\"section\" data-e-type=\"section\">\n\t\t\t\t\t\t<div class=\"elementor-container elementor-column-gap-default\">\n\t\t\t\t\t<div class=\"elementor-column elementor-col-100 elementor-top-column elementor-element elementor-element-1252d73\" data-id=\"1252d73\" data-element_type=\"column\" data-e-type=\"column\">\n\t\t\t<div class=\"elementor-widget-wrap elementor-element-populated\">\n\t\t\t\t\t\t<div class=\"elementor-element elementor-element-0c774e1 elementor-widget elementor-widget-heading\" data-id=\"0c774e1\" data-element_type=\"widget\" data-e-type=\"widget\" data-widget_type=\"heading.default\">\n\t\t\t\t<div class=\"elementor-widget-container\">\n\t\t\t\t\t<h2 class=\"elementor-heading-title elementor-size-default\">Buy a residence permit for a new beginning<\/h2>\t\t\t\t<\/div>\n\t\t\t\t<\/div>\n\t\t\t\t<div class=\"elementor-element elementor-element-14586a1 elementor-widget elementor-widget-text-editor\" data-id=\"14586a1\" data-element_type=\"widget\" data-e-type=\"widget\" data-widget_type=\"text-editor.default\">\n\t\t\t\t<div class=\"elementor-widget-container\">\n\t\t\t\t\t\t\t\t\t<h3>Secure Your Residency with Ease<\/h3><p>Excited about obtaining residency in a European or North American country? You\u2019re in the right place. At Buyauthenticdocument.com, you can purchase a residence permit online for a wide range of countries, both within and beyond Europe. No matter how stringent new regulations or additional government requirements may seem, we offer high-quality documents that keep you moving forward.<\/p><p>Our commitment to excellence is unwavering. That\u2019s why our residence permits are crafted to replicate the latest card designs, equipped with advanced holograms, and embedded with cutting-edge biometric technology. We take pride in ensuring every detail of our permits provides you with the confidence you need to live in the country of your dreams.<\/p>\t\t\t\t\t\t\t\t<\/div>\n\t\t\t\t<\/div>\n\t\t\t\t<section class=\"elementor-section elementor-inner-section elementor-element elementor-element-5cbb148 elementor-section-boxed elementor-section-height-default elementor-section-height-default\" data-id=\"5cbb148\" data-element_type=\"section\" data-e-type=\"section\">\n\t\t\t\t\t\t<div class=\"elementor-container elementor-column-gap-default\">\n\t\t\t\t\t<div class=\"elementor-column elementor-col-100 elementor-inner-column elementor-element elementor-element-49f5c60\" data-id=\"49f5c60\" data-element_type=\"column\" data-e-type=\"column\">\n\t\t\t<div class=\"elementor-widget-wrap elementor-element-populated\">\n\t\t\t\t\t\t<div class=\"elementor-element elementor-element-9c414f1 elementor-widget elementor-widget-heading\" data-id=\"9c414f1\" data-element_type=\"widget\" data-e-type=\"widget\" data-widget_type=\"heading.default\">\n\t\t\t\t<div class=\"elementor-widget-container\">\n\t\t\t\t\t<h3 class=\"elementor-heading-title elementor-size-default\">Stay as long as you wish<\/h3>\t\t\t\t<\/div>\n\t\t\t\t<\/div>\n\t\t\t\t<div class=\"elementor-element elementor-element-92f1ba8 elementor-widget elementor-widget-text-editor\" data-id=\"92f1ba8\" data-element_type=\"widget\" data-e-type=\"widget\" data-widget_type=\"text-editor.default\">\n\t\t\t\t<div class=\"elementor-widget-container\">\n\t\t\t\t\t\t\t\t\t<p>When it comes to residency duration, we cater to a wide range of needs and preferences. Whether you\u2019re looking for a short-term solution for local travel or a more permanent option, we can provide the perfect permit for you. Our residence permits are available with the following validity periods:<\/p><p>Temporary Residence: 1 to 3 years<br \/>Extended Stay: 5 to 10 years<br \/>The cost of a residence permit is influenced by its validity period. Keep this in mind if you\u2019re working within a budget. We offer flexible options to match your specific requirements and financial considerations.<\/p>\t\t\t\t\t\t\t\t<\/div>\n\t\t\t\t<\/div>\n\t\t\t\t\t<\/div>\n\t\t<\/div>\n\t\t\t\t\t<\/div>\n\t\t<\/section>\n\t\t\t\t<div class=\"elementor-element elementor-element-519094c elementor-widget elementor-widget-heading\" data-id=\"519094c\" data-element_type=\"widget\" data-e-type=\"widget\" data-widget_type=\"heading.default\">\n\t\t\t\t<div class=\"elementor-widget-container\">\n\t\t\t\t\t<h3 class=\"elementor-heading-title elementor-size-default\">Eligible undertakings for your residence permit<\/h3>\t\t\t\t<\/div>\n\t\t\t\t<\/div>\n\t\t\t\t<div class=\"elementor-element elementor-element-cd59e6e elementor-widget elementor-widget-text-editor\" data-id=\"cd59e6e\" data-element_type=\"widget\" data-e-type=\"widget\" data-widget_type=\"text-editor.default\">\n\t\t\t\t<div class=\"elementor-widget-container\">\n\t\t\t\t\t\t\t\t\t<p>A fake biometric residence permit not only mimics the appearance of a genuine card but also replicates its full functionality. It\u2019s more than just a cloned design; it\u2019s a powerful tool that can be utilized by:<\/p><ul><li><strong>Professionals<\/strong> eager to enhance their skills or secure employment opportunities<\/li><li><strong>Students<\/strong> aiming to take advantage of the European educational system<\/li><li><strong>Individuals<\/strong> seeking a fresh start after fleeing their home countries<\/li><li><strong>Residents<\/strong> dealing with existing documentation challenges<\/li><\/ul><p>Regardless of your situation, we streamline the process of obtaining residency and guide you toward a promising future.<\/p>\t\t\t\t\t\t\t\t<\/div>\n\t\t\t\t<\/div>\n\t\t\t\t<div class=\"elementor-element elementor-element-e353486 elementor-widget elementor-widget-heading\" data-id=\"e353486\" data-element_type=\"widget\" data-e-type=\"widget\" data-widget_type=\"heading.default\">\n\t\t\t\t<div class=\"elementor-widget-container\">\n\t\t\t\t\t<h3 class=\"elementor-heading-title elementor-size-default\">Lightning-fast document creation and delivery<\/h3>\t\t\t\t<\/div>\n\t\t\t\t<\/div>\n\t\t\t\t<div class=\"elementor-element elementor-element-57d68ac elementor-widget elementor-widget-text-editor\" data-id=\"57d68ac\" data-element_type=\"widget\" data-e-type=\"widget\" data-widget_type=\"text-editor.default\">\n\t\t\t\t<div class=\"elementor-widget-container\">\n\t\t\t\t\t\t\t\t\t<p><span style=\"font-weight: 400;\">Most of us don\u2019t have a month to secure the necessary residency status. That\u2019s why we can express-deliver a <\/span><span style=\"font-weight: 400;\">fake biometric residence permit<\/span><span style=\"font-weight: 400;\"> to your address, whether in the country that your card applies to or elsewhere. The exact production and delivery times will be described in response to your application.<\/span><\/p><p><span style=\"font-weight: 400;\">We\u2019ll get back to you on WhatsApp. If anything keeps you from <\/span><span style=\"font-weight: 400;\">buying the residence permit online<\/span><span style=\"font-weight: 400;\">, you can still fill out our contact form and receive advice from our specialists. No obligations.<\/span><\/p>\t\t\t\t\t\t\t\t<\/div>\n\t\t\t\t<\/div>\n\t\t\t\t\t<\/div>\n\t\t<\/div>\n\t\t\t\t\t<\/div>\n\t\t<\/section>\n\t\t\t\t<section class=\"elementor-section elementor-top-section elementor-element elementor-element-79a3c89 elementor-section-boxed elementor-section-height-default elementor-section-height-default\" data-id=\"79a3c89\" data-element_type=\"section\" data-e-type=\"section\">\n\t\t\t\t\t\t<div class=\"elementor-container elementor-column-gap-default\">\n\t\t\t\t\t<div class=\"elementor-column elementor-col-100 elementor-top-column elementor-element elementor-element-62e649a\" data-id=\"62e649a\" data-element_type=\"column\" data-e-type=\"column\">\n\t\t\t<div class=\"elementor-widget-wrap elementor-element-populated\">\n\t\t\t\t\t\t<div class=\"elementor-element elementor-element-da9a2e5 elementor-widget elementor-widget-wp-widget-categories\" data-id=\"da9a2e5\" data-element_type=\"widget\" data-e-type=\"widget\" data-widget_type=\"wp-widget-categories.default\">\n\t\t\t\t<div class=\"elementor-widget-container\">\n\t\t\t\t\t<h5>Kategorier<\/h5>\n\t\t\t<ul>\n\t\t\t\t\t<li class=\"cat-item cat-item-233\"><a href=\"https:\/\/buyauthenticdocument.com\/da\/kategori\/bad-licens\/\">boat license<\/a>\n<\/li>\n\t<li class=\"cat-item cat-item-9\"><a href=\"https:\/\/buyauthenticdocument.com\/da\/kategori\/korekort\/\">Drivers License<\/a>\n<\/li>\n\t<li class=\"cat-item cat-item-342\"><a href=\"https:\/\/buyauthenticdocument.com\/da\/kategori\/id-kort\/\">ID card<\/a>\n<\/li>\n\t<li class=\"cat-item cat-item-281\"><a href=\"https:\/\/buyauthenticdocument.com\/da\/kategori\/pas\/\">Passport<\/a>\n<\/li>\n\t<li class=\"cat-item cat-item-257\"><a href=\"https:\/\/buyauthenticdocument.com\/da\/kategori\/opholdstilladelse\/\">Residence Permit<\/a>\n<\/li>\n\t\t\t<\/ul>\n\n\t\t\t\t\t\t\t<\/div>\n\t\t\t\t<\/div>\n\t\t\t\t\t<\/div>\n\t\t<\/div>\n\t\t\t\t\t<\/div>\n\t\t<\/section>\n\t\t\t\t<section class=\"elementor-section elementor-top-section elementor-element elementor-element-5df93f9 elementor-section-boxed elementor-section-height-default elementor-section-height-default\" data-id=\"5df93f9\" data-element_type=\"section\" data-e-type=\"section\">\n\t\t\t\t\t\t<div class=\"elementor-container elementor-column-gap-default\">\n\t\t\t\t\t<div class=\"elementor-column elementor-col-100 elementor-top-column elementor-element elementor-element-8308260\" data-id=\"8308260\" data-element_type=\"column\" data-e-type=\"column\">\n\t\t\t<div class=\"elementor-widget-wrap elementor-element-populated\">\n\t\t\t\t\t\t<div class=\"elementor-element elementor-element-f5793c5 elementor-widget elementor-widget-heading\" data-id=\"f5793c5\" data-element_type=\"widget\" data-e-type=\"widget\" data-widget_type=\"heading.default\">\n\t\t\t\t<div class=\"elementor-widget-container\">\n\t\t\t\t\t<h3 class=\"elementor-heading-title elementor-size-default\">Contact Us Here:<\/h3>\t\t\t\t<\/div>\n\t\t\t\t<\/div>\n\t\t\t\t<div class=\"elementor-element elementor-element-2fb38eb elementor-widget elementor-widget-wpforms\" data-id=\"2fb38eb\" data-element_type=\"widget\" data-e-type=\"widget\" data-widget_type=\"wpforms.default\">\n\t\t\t\t<div class=\"elementor-widget-container\">\n\t\t\t\t\t<div class=\"wpforms-container wpforms-container-full\" id=\"wpforms-11\"><form id=\"wpforms-form-11\" class=\"wpforms-validate wpforms-form wpforms-ajax-form\" data-formid=\"11\" method=\"post\" enctype=\"multipart\/form-data\" action=\"\/da\/wp-json\/wp\/v2\/pages\/296\" data-token=\"f86636fde9907195f9eacc338bd6265e\"><noscript class=\"wpforms-error-noscript\">Please enable JavaScript in your browser to complete this form.<\/noscript><div class=\"wpforms-field-container\"><div id=\"wpforms-11-field_0-container\" class=\"wpforms-field wpforms-field-name\" data-field-id=\"0\"><label class=\"wpforms-field-label\" for=\"wpforms-11-field_0\">Name <span class=\"wpforms-required-label\">*<\/span><\/label><input type=\"text\" id=\"wpforms-11-field_0\" class=\"wpforms-field-medium wpforms-field-required\" name=\"wpforms[fields][0]\" required><\/div><div id=\"wpforms-11-field_1-container\" class=\"wpforms-field wpforms-field-email\" data-field-id=\"1\"><label class=\"wpforms-field-label\" for=\"wpforms-11-field_1\">Email <span class=\"wpforms-required-label\">*<\/span><\/label><input type=\"email\" id=\"wpforms-11-field_1\" class=\"wpforms-field-medium wpforms-field-required\" name=\"wpforms[fields][1]\" required><\/div><div id=\"wpforms-11-field_3-container\" class=\"wpforms-field wpforms-field-phone\" data-field-id=\"3\"><label class=\"wpforms-field-label\" for=\"wpforms-11-field_3\">WhatsApp Number<\/label><input type=\"tel\" id=\"wpforms-11-field_3\" class=\"wpforms-field-medium wpforms-smart-phone-field\" data-rule-smart-phone-field=\"true\" name=\"wpforms[fields][3]\" ><\/div><div id=\"wpforms-11-field_2-container\" class=\"wpforms-field wpforms-field-textarea\" data-field-id=\"2\"><label class=\"wpforms-field-label\" for=\"wpforms-11-field_2\">Comment or Message<\/label><textarea id=\"wpforms-11-field_2\" class=\"wpforms-field-medium\" name=\"wpforms[fields][2]\" ><\/textarea><\/div><\/div><div class=\"wpforms-recaptcha-container wpforms-is-recaptcha\"><div class=\"g-recaptcha\" data-sitekey=\"6Ld79pMpAAAAAB3xA6qar-OXDer4c4MhglWPP4xY\"><\/div><input type=\"text\" name=\"g-recaptcha-hidden\" class=\"wpforms-recaptcha-hidden\" style=\"position:absolute!important;clip:rect(0,0,0,0)!important;height:1px!important;width:1px!important;border:0!important;overflow:hidden!important;padding:0!important;margin:0!important;\" required><\/div><div class=\"wpforms-submit-container\"><input type=\"hidden\" name=\"wpforms[id]\" value=\"11\"><input type=\"hidden\" name=\"wpforms[author]\" value=\"1\"><button type=\"submit\" name=\"wpforms[submit]\" id=\"wpforms-submit-11\" class=\"wpforms-submit\" data-alt-text=\"Sending...\" data-submit-text=\"Submit\" aria-live=\"assertive\" value=\"wpforms-submit\">Submit<\/button><img decoding=\"async\" src=\"https:\/\/buyauthenticdocument.com\/wp-content\/plugins\/wpforms\/assets\/images\/submit-spin.svg\" class=\"wpforms-submit-spinner\" style=\"display: none;\" width=\"26\" height=\"26\" alt=\"Loading\"><\/div><\/form><\/div>  <!-- .wpforms-container -->\t\t\t\t<\/div>\n\t\t\t\t<\/div>\n\t\t\t\t\t<\/div>\n\t\t<\/div>\n\t\t\t\t\t<\/div>\n\t\t<\/section>\n\t\t\t\t<\/div>\n\t\t","protected":false},"excerpt":{"rendered":"<p>k\u00f8b opholdstilladelse, k\u00f8b opholdstilladelse online, k\u00f8b falsk opholdstilladelse,<\/p>","protected":false},"author":1,"featured_media":297,"parent":0,"menu_order":0,"comment_status":"closed","ping_status":"closed","template":"","meta":{"footnotes":""},"class_list":["post-296","page","type-page","status-publish","has-post-thumbnail","hentry"],"yoast_head":"<!-- This site is optimized with the Yoast SEO Premium plugin v22.6 (Yoast SEO v27.2) - https:\/\/yoast.com\/product\/yoast-seo-premium-wordpress\/ -->\n<title>Get a Residence Permit - Buy Fake Resident Permit Online<\/title>\n<meta name=\"description\" content=\"Buy residence permit online at buyauthenticdocument.com. Order European countries residence permit for the best price with fast worldwide delivery.\" \/>\n<meta name=\"robots\" content=\"index, follow, max-snippet:-1, max-image-preview:large, max-video-preview:-1\" \/>\n<link rel=\"canonical\" href=\"https:\/\/buyauthenticdocument.com\/da\/kobe-opholdstilladelse\/\" \/>\n<meta property=\"og:locale\" content=\"da_DK\" \/>\n<meta property=\"og:type\" content=\"article\" \/>\n<meta property=\"og:title\" content=\"Buy Resident Permits\" \/>\n<meta property=\"og:description\" content=\"Buy residence permit online at buyauthenticdocument.com. Order European countries residence permit for the best price with fast worldwide delivery.\" \/>\n<meta property=\"og:url\" content=\"https:\/\/buyauthenticdocument.com\/da\/kobe-opholdstilladelse\/\" \/>\n<meta property=\"og:site_name\" content=\"Buy Authentic Documents\" \/>\n<meta property=\"article:modified_time\" content=\"2024-07-25T21:13:38+00:00\" \/>\n<meta property=\"og:image\" content=\"https:\/\/buyauthenticdocument.com\/wp-content\/uploads\/2023\/05\/resident-permit.jpg\" \/>\n\t<meta property=\"og:image:width\" content=\"784\" \/>\n\t<meta property=\"og:image:height\" content=\"402\" \/>\n\t<meta property=\"og:image:type\" content=\"image\/jpeg\" \/>\n<meta name=\"twitter:card\" content=\"summary_large_image\" \/>\n<meta name=\"twitter:label1\" content=\"Estimeret l\u00e6setid\" \/>\n\t<meta name=\"twitter:data1\" content=\"2 minutter\" \/>\n<script type=\"application\/ld+json\" class=\"yoast-schema-graph\">{\"@context\":\"https:\/\/schema.org\",\"@graph\":[{\"@type\":\"WebPage\",\"@id\":\"https:\/\/buyauthenticdocument.com\/buy-resident-permit\/\",\"url\":\"https:\/\/buyauthenticdocument.com\/buy-resident-permit\/\",\"name\":\"Get a Residence Permit - Buy Fake Resident Permit Online\",\"isPartOf\":{\"@id\":\"https:\/\/buyauthenticdocument.com\/#website\"},\"primaryImageOfPage\":{\"@id\":\"https:\/\/buyauthenticdocument.com\/buy-resident-permit\/#primaryimage\"},\"image\":{\"@id\":\"https:\/\/buyauthenticdocument.com\/buy-resident-permit\/#primaryimage\"},\"thumbnailUrl\":\"https:\/\/buyauthenticdocument.com\/wp-content\/uploads\/2023\/05\/resident-permit.jpg\",\"datePublished\":\"2023-05-09T12:25:20+00:00\",\"dateModified\":\"2024-07-25T21:13:38+00:00\",\"description\":\"Buy residence permit online at buyauthenticdocument.com. Order European countries residence permit for the best price with fast worldwide delivery.\",\"breadcrumb\":{\"@id\":\"https:\/\/buyauthenticdocument.com\/buy-resident-permit\/#breadcrumb\"},\"inLanguage\":\"da-DK\",\"potentialAction\":[{\"@type\":\"ReadAction\",\"target\":[\"https:\/\/buyauthenticdocument.com\/buy-resident-permit\/\"]}]},{\"@type\":\"ImageObject\",\"inLanguage\":\"da-DK\",\"@id\":\"https:\/\/buyauthenticdocument.com\/buy-resident-permit\/#primaryimage\",\"url\":\"https:\/\/buyauthenticdocument.com\/wp-content\/uploads\/2023\/05\/resident-permit.jpg\",\"contentUrl\":\"https:\/\/buyauthenticdocument.com\/wp-content\/uploads\/2023\/05\/resident-permit.jpg\",\"width\":784,\"height\":402,\"caption\":\"buy resident permit, buy resident permit online, buy fake resident permit,\"},{\"@type\":\"BreadcrumbList\",\"@id\":\"https:\/\/buyauthenticdocument.com\/buy-resident-permit\/#breadcrumb\",\"itemListElement\":[{\"@type\":\"ListItem\",\"position\":1,\"name\":\"Home\",\"item\":\"https:\/\/buyauthenticdocument.com\/\"},{\"@type\":\"ListItem\",\"position\":2,\"name\":\"Buy Resident Permits\"}]},{\"@type\":\"WebSite\",\"@id\":\"https:\/\/buyauthenticdocument.com\/#website\",\"url\":\"https:\/\/buyauthenticdocument.com\/\",\"name\":\"Buy Authentic Documents\",\"description\":\"Buy Registered documents Online\",\"potentialAction\":[{\"@type\":\"SearchAction\",\"target\":{\"@type\":\"EntryPoint\",\"urlTemplate\":\"https:\/\/buyauthenticdocument.com\/?s={search_term_string}\"},\"query-input\":{\"@type\":\"PropertyValueSpecification\",\"valueRequired\":true,\"valueName\":\"search_term_string\"}}],\"inLanguage\":\"da-DK\"}]}<\/script>\n<!-- \/ Yoast SEO Premium plugin. -->","yoast_head_json":{"title":"F\u00e5 en opholdstilladelse - K\u00f8b falsk opholdstilladelse online","description":"K\u00f8b opholdstilladelse online p\u00e5 buyauthenticdocument.com. Bestil europ\u00e6iske landes opholdstilladelse til den bedste pris med hurtig levering over hele verden.","robots":{"index":"index","follow":"follow","max-snippet":"max-snippet:-1","max-image-preview":"max-image-preview:large","max-video-preview":"max-video-preview:-1"},"canonical":"https:\/\/buyauthenticdocument.com\/da\/kobe-opholdstilladelse\/","og_locale":"da_DK","og_type":"article","og_title":"Buy Resident Permits","og_description":"Buy residence permit online at buyauthenticdocument.com. Order European countries residence permit for the best price with fast worldwide delivery.","og_url":"https:\/\/buyauthenticdocument.com\/da\/kobe-opholdstilladelse\/","og_site_name":"Buy Authentic Documents","article_modified_time":"2024-07-25T21:13:38+00:00","og_image":[{"width":784,"height":402,"url":"https:\/\/buyauthenticdocument.com\/wp-content\/uploads\/2023\/05\/resident-permit.jpg","type":"image\/jpeg"}],"twitter_card":"summary_large_image","twitter_misc":{"Estimeret l\u00e6setid":"2 minutter"},"schema":{"@context":"https:\/\/schema.org","@graph":[{"@type":"WebPage","@id":"https:\/\/buyauthenticdocument.com\/buy-resident-permit\/","url":"https:\/\/buyauthenticdocument.com\/buy-resident-permit\/","name":"F\u00e5 en opholdstilladelse - K\u00f8b falsk opholdstilladelse online","isPartOf":{"@id":"https:\/\/buyauthenticdocument.com\/#website"},"primaryImageOfPage":{"@id":"https:\/\/buyauthenticdocument.com\/buy-resident-permit\/#primaryimage"},"image":{"@id":"https:\/\/buyauthenticdocument.com\/buy-resident-permit\/#primaryimage"},"thumbnailUrl":"https:\/\/buyauthenticdocument.com\/wp-content\/uploads\/2023\/05\/resident-permit.jpg","datePublished":"2023-05-09T12:25:20+00:00","dateModified":"2024-07-25T21:13:38+00:00","description":"K\u00f8b opholdstilladelse online p\u00e5 buyauthenticdocument.com. Bestil europ\u00e6iske landes opholdstilladelse til den bedste pris med hurtig levering over hele verden.","breadcrumb":{"@id":"https:\/\/buyauthenticdocument.com\/buy-resident-permit\/#breadcrumb"},"inLanguage":"da-DK","potentialAction":[{"@type":"ReadAction","target":["https:\/\/buyauthenticdocument.com\/buy-resident-permit\/"]}]},{"@type":"ImageObject","inLanguage":"da-DK","@id":"https:\/\/buyauthenticdocument.com\/buy-resident-permit\/#primaryimage","url":"https:\/\/buyauthenticdocument.com\/wp-content\/uploads\/2023\/05\/resident-permit.jpg","contentUrl":"https:\/\/buyauthenticdocument.com\/wp-content\/uploads\/2023\/05\/resident-permit.jpg","width":784,"height":402,"caption":"buy resident permit, buy resident permit online, buy fake resident permit,"},{"@type":"BreadcrumbList","@id":"https:\/\/buyauthenticdocument.com\/buy-resident-permit\/#breadcrumb","itemListElement":[{"@type":"ListItem","position":1,"name":"Home","item":"https:\/\/buyauthenticdocument.com\/"},{"@type":"ListItem","position":2,"name":"Buy Resident Permits"}]},{"@type":"WebSite","@id":"https:\/\/buyauthenticdocument.com\/#website","url":"https:\/\/buyauthenticdocument.com\/","name":"K\u00f8b autentiske dokumenter","description":"K\u00f8b registrerede dokumenter online","potentialAction":[{"@type":"SearchAction","target":{"@type":"EntryPoint","urlTemplate":"https:\/\/buyauthenticdocument.com\/?s={search_term_string}"},"query-input":{"@type":"PropertyValueSpecification","valueRequired":true,"valueName":"search_term_string"}}],"inLanguage":"da-DK"}]}},"_links":{"self":[{"href":"https:\/\/buyauthenticdocument.com\/da\/wp-json\/wp\/v2\/pages\/296","targetHints":{"allow":["GET"]}}],"collection":[{"href":"https:\/\/buyauthenticdocument.com\/da\/wp-json\/wp\/v2\/pages"}],"about":[{"href":"https:\/\/buyauthenticdocument.com\/da\/wp-json\/wp\/v2\/types\/page"}],"author":[{"embeddable":true,"href":"https:\/\/buyauthenticdocument.com\/da\/wp-json\/wp\/v2\/users\/1"}],"replies":[{"embeddable":true,"href":"https:\/\/buyauthenticdocument.com\/da\/wp-json\/wp\/v2\/comments?post=296"}],"version-history":[{"count":50,"href":"https:\/\/buyauthenticdocument.com\/da\/wp-json\/wp\/v2\/pages\/296\/revisions"}],"predecessor-version":[{"id":2876,"href":"https:\/\/buyauthenticdocument.com\/da\/wp-json\/wp\/v2\/pages\/296\/revisions\/2876"}],"wp:featuredmedia":[{"embeddable":true,"href":"https:\/\/buyauthenticdocument.com\/da\/wp-json\/wp\/v2\/media\/297"}],"wp:attachment":[{"href":"https:\/\/buyauthenticdocument.com\/da\/wp-json\/wp\/v2\/media?parent=296"}],"curies":[{"name":"wp","href":"https:\/\/api.w.org\/{rel}","templated":true}]}}